{"id":8870,"date":"2021-05-17T10:58:10","date_gmt":"2021-05-17T10:58:10","guid":{"rendered":"https:\/\/gojetmallorca.com\/ueber-uns\/"},"modified":"2024-06-27T07:20:51","modified_gmt":"2024-06-27T07:20:51","slug":"ueber-uns","status":"publish","type":"page","link":"https:\/\/gojetmallorca.com\/de\/ueber-uns\/","title":{"rendered":"\u00dcber uns"},"content":{"rendered":"\t\t<div data-elementor-type=\"wp-page\" data-elementor-id=\"8870\" class=\"elementor elementor-8870 elementor-1071\" data-elementor-post-type=\"page\">\n\t\t\t\t<div class=\"elementor-element elementor-element-e82d684 e-con-full e-flex e-con e-parent\" data-id=\"e82d684\" data-element_type=\"container\" data-settings=\"{&quot;background_background&quot;:&quot;classic&quot;}\">\n\t\t\t\t<div class=\"elementor-element elementor-element-405e126 elementor-widget__width-inherit elementor-widget-mobile__width-inherit elementor-invisible elementor-widget elementor-widget-heading\" data-id=\"405e126\" data-element_type=\"widget\" data-settings=\"{&quot;_animation&quot;:&quot;fadeInDown&quot;}\" data-widget_type=\"heading.default\">\n\t\t\t\t<div class=\"elementor-widget-container\">\n\t\t\t\t\t<h1 class=\"elementor-heading-title elementor-size-default\">UNSERE URSPR\u00dcNGE<\/h1>\t\t\t\t<\/div>\n\t\t\t\t<\/div>\n\t\t\t\t<\/div>\n\t\t<div class=\"elementor-element elementor-element-2ac8569 e-con-full e-flex e-con e-child\" data-id=\"2ac8569\" data-element_type=\"container\">\n\t\t<div class=\"elementor-element elementor-element-9d36455 e-con-full shadow__4 e-flex e-con e-child\" data-id=\"9d36455\" data-element_type=\"container\" data-settings=\"{&quot;background_background&quot;:&quot;classic&quot;}\">\n\t\t\t\t<\/div>\n\t\t<div class=\"elementor-element elementor-element-9a165fc e-con-full shadow__4 e-flex e-con e-child\" data-id=\"9a165fc\" data-element_type=\"container\" data-settings=\"{&quot;background_background&quot;:&quot;classic&quot;}\">\n\t\t\t\t<\/div>\n\t\t<div class=\"elementor-element elementor-element-33e1749 e-con-full shadow__4 e-flex e-con e-child\" data-id=\"33e1749\" data-element_type=\"container\" data-settings=\"{&quot;background_background&quot;:&quot;classic&quot;}\">\n\t\t\t\t<\/div>\n\t\t\t\t<\/div>\n\t\t<div class=\"elementor-element elementor-element-201c2f8 e-flex e-con-boxed e-con e-parent\" data-id=\"201c2f8\" data-element_type=\"container\">\n\t\t\t\t\t<div class=\"e-con-inner\">\n\t\t\t\t<div class=\"elementor-element elementor-element-ca25b1e elementor-widget elementor-widget-heading\" data-id=\"ca25b1e\" data-element_type=\"widget\" data-widget_type=\"heading.default\">\n\t\t\t\t<div class=\"elementor-widget-container\">\n\t\t\t\t\t<h2 class=\"elementor-heading-title elementor-size-default\">Gojet Service, ein Unternehmen, das 2019 von einer Gruppe von 2 Freunden w\u00e4hrend einer Reise nach Bali gegr\u00fcndet wurde.<\/h2>\t\t\t\t<\/div>\n\t\t\t\t<\/div>\n\t\t\t\t<div class=\"elementor-element elementor-element-102c48d elementor-widget elementor-widget-text-editor\" data-id=\"102c48d\" data-element_type=\"widget\" data-widget_type=\"text-editor.default\">\n\t\t\t\t<div class=\"elementor-widget-container\">\n\t\t\t\t\t\t\t\t\t<p>Der Name Gojet entstand aus der App &#8222;Gojek&#8220;, einer Anwendung f\u00fcr die Abholung und den Transfer von Kunden mit dem Motorrad auf Bali.<\/p>\n<p><strong class=\"strong-about\">Wir haben diese Idee auf die Welt der Jetskis \u00fcbertragen<\/strong> und Gojet gegr\u00fcndet, ein Unternehmen, das sich mit dem Transport und der Wartung von Jetskis besch\u00e4ftigt.<\/p>\n<\/p>\n<p><strong class=\"strong-about\">2021<\/strong> beschlie\u00dft Gojet, mit einer neuen Flotte von 5 Jetskis den Verleih von Jetskis mit Lehrern im Rahmen von geplanten Ausfl\u00fcgen einzuf\u00fchren.<\/p>\n<\/p>\n<p>Im Jahr <strong class=\"strong-about\">2022<\/strong>, als wir stark wuchsen, wurde die Flotte in Alc\u00fadia auf 8 Jetskis und in Andratx auf 4 Jetskis erweitert, zusammen mit Booten und einem Schnellboot.<\/p>\n<\/p>\n<p>Im Jahr <strong class=\"strong-about\">2023<\/strong> wird die Flotte der Jetskis auf 19 in Alc\u00fadia und 10 in Ca&#8217;n Picafort erweitert.<\/p>\n\t\t\t\t\t\t\t\t<\/div>\n\t\t\t\t<\/div>\n\t\t\t\t<div class=\"elementor-element elementor-element-d9516ea elementor-widget elementor-widget-heading\" data-id=\"d9516ea\" data-element_type=\"widget\" data-widget_type=\"heading.default\">\n\t\t\t\t<div class=\"elementor-widget-container\">\n\t\t\t\t\t<span class=\"elementor-heading-title elementor-size-default\">Wir k\u00fcmmern uns darum, Sie konzentrieren sich darauf, Spa\u00df zu haben!<\/span>\t\t\t\t<\/div>\n\t\t\t\t<\/div>\n\t\t\t\t\t<\/div>\n\t\t\t\t<\/div>\n\t\t<div class=\"elementor-element elementor-element-4d31abe e-con-full faq e-flex e-con e-parent\" data-id=\"4d31abe\" data-element_type=\"container\">\n\t\t\t\t<div class=\"elementor-element elementor-element-a410765 elementor-widget elementor-widget-spacer\" data-id=\"a410765\" data-element_type=\"widget\" data-widget_type=\"spacer.default\">\n\t\t\t\t<div class=\"elementor-widget-container\">\n\t\t\t\t\t\t\t<div class=\"elementor-spacer\">\n\t\t\t<div class=\"elementor-spacer-inner\"><\/div>\n\t\t<\/div>\n\t\t\t\t\t\t<\/div>\n\t\t\t\t<\/div>\n\t\t<div class=\"elementor-element elementor-element-25f95b1 e-con-full shadow__6 e-flex e-con e-child\" data-id=\"25f95b1\" data-element_type=\"container\" data-settings=\"{&quot;background_background&quot;:&quot;classic&quot;}\">\n\t\t\t\t<div class=\"elementor-element elementor-element-e3816d9 elementor-widget__width-inherit elementor-widget-mobile__width-inherit elementor-invisible elementor-widget elementor-widget-heading\" data-id=\"e3816d9\" data-element_type=\"widget\" data-settings=\"{&quot;_animation&quot;:&quot;fadeInDown&quot;}\" data-widget_type=\"heading.default\">\n\t\t\t\t<div class=\"elementor-widget-container\">\n\t\t\t\t\t<h2 class=\"elementor-heading-title elementor-size-default\">F.A.Q.<\/h2>\t\t\t\t<\/div>\n\t\t\t\t<\/div>\n\t\t\t\t<div class=\"elementor-element elementor-element-f685eb4 elementor-widget-divider--view-line elementor-widget elementor-widget-divider\" data-id=\"f685eb4\" data-element_type=\"widget\" data-widget_type=\"divider.default\">\n\t\t\t\t<div class=\"elementor-widget-container\">\n\t\t\t\t\t\t\t<div class=\"elementor-divider\">\n\t\t\t<span class=\"elementor-divider-separator\">\n\t\t\t\t\t\t<\/span>\n\t\t<\/div>\n\t\t\t\t\t\t<\/div>\n\t\t\t\t<\/div>\n\t\t\t\t<div class=\"elementor-element elementor-element-ef6dac9 elementor-widget elementor-widget-toggle\" data-id=\"ef6dac9\" data-element_type=\"widget\" data-widget_type=\"toggle.default\">\n\t\t\t\t<div class=\"elementor-widget-container\">\n\t\t\t\t\t\t\t<div class=\"elementor-toggle\">\n\t\t\t\t\t\t\t<div class=\"elementor-toggle-item\">\n\t\t\t\t\t<div id=\"elementor-tab-title-2511\" class=\"elementor-tab-title\" data-tab=\"1\" role=\"button\" aria-controls=\"elementor-tab-content-2511\" aria-expanded=\"false\">\n\t\t\t\t\t\t\t\t\t\t\t\t<span class=\"elementor-toggle-icon elementor-toggle-icon-left\" aria-hidden=\"true\">\n\t\t\t\t\t\t\t\t\t\t\t\t\t\t\t<span class=\"elementor-toggle-icon-closed\"><i class=\"fas fa-caret-right\"><\/i><\/span>\n\t\t\t\t\t\t\t\t<span class=\"elementor-toggle-icon-opened\"><i class=\"elementor-toggle-icon-opened fas fa-caret-up\"><\/i><\/span>\n\t\t\t\t\t\t\t\t\t\t\t\t\t<\/span>\n\t\t\t\t\t\t\t\t\t\t\t\t<a class=\"elementor-toggle-title\" tabindex=\"0\">Ist irgendeine Art von Lizenz erforderlich?<\/a>\n\t\t\t\t\t<\/div>\n\n\t\t\t\t\t<div id=\"elementor-tab-content-2511\" class=\"elementor-tab-content elementor-clearfix\" data-tab=\"1\" role=\"region\" aria-labelledby=\"elementor-tab-title-2511\"><p>Nein, f\u00fcr die Ausfl\u00fcge, die wir mit einem Lehrer machen, ist keine Lizenz erforderlich.<\/p>\n<\/div>\n\t\t\t\t<\/div>\n\t\t\t\t\t\t\t<div class=\"elementor-toggle-item\">\n\t\t\t\t\t<div id=\"elementor-tab-title-2512\" class=\"elementor-tab-title\" data-tab=\"2\" role=\"button\" aria-controls=\"elementor-tab-content-2512\" aria-expanded=\"false\">\n\t\t\t\t\t\t\t\t\t\t\t\t<span class=\"elementor-toggle-icon elementor-toggle-icon-left\" aria-hidden=\"true\">\n\t\t\t\t\t\t\t\t\t\t\t\t\t\t\t<span class=\"elementor-toggle-icon-closed\"><i class=\"fas fa-caret-right\"><\/i><\/span>\n\t\t\t\t\t\t\t\t<span class=\"elementor-toggle-icon-opened\"><i class=\"elementor-toggle-icon-opened fas fa-caret-up\"><\/i><\/span>\n\t\t\t\t\t\t\t\t\t\t\t\t\t<\/span>\n\t\t\t\t\t\t\t\t\t\t\t\t<a class=\"elementor-toggle-title\" tabindex=\"0\">Sind die Preise f\u00fcr die Ausfl\u00fcge f\u00fcr 2 Personen?<\/a>\n\t\t\t\t\t<\/div>\n\n\t\t\t\t\t<div id=\"elementor-tab-content-2512\" class=\"elementor-tab-content elementor-clearfix\" data-tab=\"2\" role=\"region\" aria-labelledby=\"elementor-tab-title-2512\"><p>Ja, die Preise gelten pro JetSki, f\u00fcr 1 oder 2 Personen.<\/p>\n<\/div>\n\t\t\t\t<\/div>\n\t\t\t\t\t\t\t<div class=\"elementor-toggle-item\">\n\t\t\t\t\t<div id=\"elementor-tab-title-2513\" class=\"elementor-tab-title\" data-tab=\"3\" role=\"button\" aria-controls=\"elementor-tab-content-2513\" aria-expanded=\"false\">\n\t\t\t\t\t\t\t\t\t\t\t\t<span class=\"elementor-toggle-icon elementor-toggle-icon-left\" aria-hidden=\"true\">\n\t\t\t\t\t\t\t\t\t\t\t\t\t\t\t<span class=\"elementor-toggle-icon-closed\"><i class=\"fas fa-caret-right\"><\/i><\/span>\n\t\t\t\t\t\t\t\t<span class=\"elementor-toggle-icon-opened\"><i class=\"elementor-toggle-icon-opened fas fa-caret-up\"><\/i><\/span>\n\t\t\t\t\t\t\t\t\t\t\t\t\t<\/span>\n\t\t\t\t\t\t\t\t\t\t\t\t<a class=\"elementor-toggle-title\" tabindex=\"0\">In welcher Gegend von Mallorca bieten Sie Ihre Dienste an?<\/a>\n\t\t\t\t\t<\/div>\n\n\t\t\t\t\t<div id=\"elementor-tab-content-2513\" class=\"elementor-tab-content elementor-clearfix\" data-tab=\"3\" role=\"region\" aria-labelledby=\"elementor-tab-title-2513\"><p>Unser B\u00fcro befindet sich in Sa Pobla. Wir bieten unsere Dienste jedoch an jedem Ort auf der Insel an. Der Start aller unserer Touren ist in Puerto de Ca&#8217;n Picafort, Puerto de Alcudia oder Port Andratx.<\/p>\n<\/div>\n\t\t\t\t<\/div>\n\t\t\t\t\t\t\t<div class=\"elementor-toggle-item\">\n\t\t\t\t\t<div id=\"elementor-tab-title-2514\" class=\"elementor-tab-title\" data-tab=\"4\" role=\"button\" aria-controls=\"elementor-tab-content-2514\" aria-expanded=\"false\">\n\t\t\t\t\t\t\t\t\t\t\t\t<span class=\"elementor-toggle-icon elementor-toggle-icon-left\" aria-hidden=\"true\">\n\t\t\t\t\t\t\t\t\t\t\t\t\t\t\t<span class=\"elementor-toggle-icon-closed\"><i class=\"fas fa-caret-right\"><\/i><\/span>\n\t\t\t\t\t\t\t\t<span class=\"elementor-toggle-icon-opened\"><i class=\"elementor-toggle-icon-opened fas fa-caret-up\"><\/i><\/span>\n\t\t\t\t\t\t\t\t\t\t\t\t\t<\/span>\n\t\t\t\t\t\t\t\t\t\t\t\t<a class=\"elementor-toggle-title\" tabindex=\"0\">Mit welchem JetSki-Modell arbeiten Sie?<\/a>\n\t\t\t\t\t<\/div>\n\n\t\t\t\t\t<div id=\"elementor-tab-content-2514\" class=\"elementor-tab-content elementor-clearfix\" data-tab=\"4\" role=\"region\" aria-labelledby=\"elementor-tab-title-2514\"><p>Alle unsere JetSki geh\u00f6ren zur Sea-Doo Linie, GTX 170 und GTX 130 Pro.<\/p>\n<\/div>\n\t\t\t\t<\/div>\n\t\t\t\t\t\t\t<div class=\"elementor-toggle-item\">\n\t\t\t\t\t<div id=\"elementor-tab-title-2515\" class=\"elementor-tab-title\" data-tab=\"5\" role=\"button\" aria-controls=\"elementor-tab-content-2515\" aria-expanded=\"false\">\n\t\t\t\t\t\t\t\t\t\t\t\t<span class=\"elementor-toggle-icon elementor-toggle-icon-left\" aria-hidden=\"true\">\n\t\t\t\t\t\t\t\t\t\t\t\t\t\t\t<span class=\"elementor-toggle-icon-closed\"><i class=\"fas fa-caret-right\"><\/i><\/span>\n\t\t\t\t\t\t\t\t<span class=\"elementor-toggle-icon-opened\"><i class=\"elementor-toggle-icon-opened fas fa-caret-up\"><\/i><\/span>\n\t\t\t\t\t\t\t\t\t\t\t\t\t<\/span>\n\t\t\t\t\t\t\t\t\t\t\t\t<a class=\"elementor-toggle-title\" tabindex=\"0\">Bieten Sie die Lagerung und Verwahrung von Booten an?<\/a>\n\t\t\t\t\t<\/div>\n\n\t\t\t\t\t<div id=\"elementor-tab-content-2515\" class=\"elementor-tab-content elementor-clearfix\" data-tab=\"5\" role=\"region\" aria-labelledby=\"elementor-tab-title-2515\"><p>Ja, wir bieten sowohl die Einlagerung als auch die Verwahrung an, sowie die \u00dcberwinterung und Wartung (mit Computerdiagnose), falls erforderlich.<\/p>\n<\/div>\n\t\t\t\t<\/div>\n\t\t\t\t\t\t\t<div class=\"elementor-toggle-item\">\n\t\t\t\t\t<div id=\"elementor-tab-title-2516\" class=\"elementor-tab-title\" data-tab=\"6\" role=\"button\" aria-controls=\"elementor-tab-content-2516\" aria-expanded=\"false\">\n\t\t\t\t\t\t\t\t\t\t\t\t<span class=\"elementor-toggle-icon elementor-toggle-icon-left\" aria-hidden=\"true\">\n\t\t\t\t\t\t\t\t\t\t\t\t\t\t\t<span class=\"elementor-toggle-icon-closed\"><i class=\"fas fa-caret-right\"><\/i><\/span>\n\t\t\t\t\t\t\t\t<span class=\"elementor-toggle-icon-opened\"><i class=\"elementor-toggle-icon-opened fas fa-caret-up\"><\/i><\/span>\n\t\t\t\t\t\t\t\t\t\t\t\t\t<\/span>\n\t\t\t\t\t\t\t\t\t\t\t\t<a class=\"elementor-toggle-title\" tabindex=\"0\">Wie kann ich eine Ihrer Touren verschenken?<\/a>\n\t\t\t\t\t<\/div>\n\n\t\t\t\t\t<div id=\"elementor-tab-content-2516\" class=\"elementor-tab-content elementor-clearfix\" data-tab=\"6\" role=\"region\" aria-labelledby=\"elementor-tab-title-2516\"><p>\u00dcber den Buchungsprozess, der in den Bereich Touren auf unserer Website integriert ist, haben Sie Zugang zu TuriTop, unserem Zahlungsportal, \u00fcber das Sie die Tour buchen k\u00f6nnen, die Ihnen am besten gef\u00e4llt.<\/p>\n<\/div>\n\t\t\t\t<\/div>\n\t\t\t\t\t\t\t\t<\/div>\n\t\t\t\t\t\t<\/div>\n\t\t\t\t<\/div>\n\t\t\t\t<\/div>\n\t\t\t\t<\/div>\n\t\t\t\t<\/div>\n\t\t","protected":false},"excerpt":{"rendered":"<p>UNSERE URSPR\u00dcNGE Gojet Service, ein Unternehmen, das 2019 von einer Gruppe von 2 Freunden w\u00e4hrend einer Reise nach Bali gegr\u00fcndet wurde. Der Name Gojet entstand aus der App &#8222;Gojek&#8220;, einer Anwendung f\u00fcr die Abholung und den Transfer von Kunden mit dem Motorrad auf Bali. Wir haben diese Idee auf die Welt der Jetskis \u00fcbertragen und [&hellip;]<\/p>\n","protected":false},"author":1,"featured_media":0,"parent":0,"menu_order":0,"comment_status":"closed","ping_status":"closed","template":"","meta":{"footnotes":""},"class_list":["post-8870","page","type-page","status-publish","hentry"],"yoast_head":"<!-- This site is optimized with the Yoast SEO plugin v25.8 - https:\/\/yoast.com\/wordpress\/plugins\/seo\/ -->\n<title>\u00dcber uns - GoJet Mallorca<\/title>\n<meta name=\"robots\" content=\"index, follow, max-snippet:-1, max-image-preview:large, max-video-preview:-1\" \/>\n<link rel=\"canonical\" href=\"https:\/\/gojetmallorca.com\/de\/ueber-uns\/\" \/>\n<meta property=\"og:locale\" content=\"de_DE\" \/>\n<meta property=\"og:type\" content=\"article\" \/>\n<meta property=\"og:title\" content=\"\u00dcber uns - GoJet Mallorca\" \/>\n<meta property=\"og:description\" content=\"UNSERE URSPR\u00dcNGE Gojet Service, ein Unternehmen, das 2019 von einer Gruppe von 2 Freunden w\u00e4hrend einer Reise nach Bali gegr\u00fcndet wurde. Der Name Gojet entstand aus der App &#8222;Gojek&#8220;, einer Anwendung f\u00fcr die Abholung und den Transfer von Kunden mit dem Motorrad auf Bali. Wir haben diese Idee auf die Welt der Jetskis \u00fcbertragen und [&hellip;]\" \/>\n<meta property=\"og:url\" content=\"https:\/\/gojetmallorca.com\/de\/ueber-uns\/\" \/>\n<meta property=\"og:site_name\" content=\"GoJet Mallorca\" \/>\n<meta property=\"article:publisher\" content=\"https:\/\/www.facebook.com\/gojetskitours\" \/>\n<meta property=\"article:modified_time\" content=\"2024-06-27T07:20:51+00:00\" \/>\n<meta property=\"og:image\" content=\"https:\/\/gojetmallorca.com\/wp-content\/uploads\/2022\/05\/ANDRATX-1.jpg\" \/>\n\t<meta property=\"og:image:width\" content=\"1000\" \/>\n\t<meta property=\"og:image:height\" content=\"1250\" \/>\n\t<meta property=\"og:image:type\" content=\"image\/jpeg\" \/>\n<meta name=\"twitter:card\" content=\"summary_large_image\" \/>\n<script type=\"application\/ld+json\" class=\"yoast-schema-graph\">{\"@context\":\"https:\/\/schema.org\",\"@graph\":[{\"@type\":\"WebPage\",\"@id\":\"https:\/\/gojetmallorca.com\/de\/ueber-uns\/\",\"url\":\"https:\/\/gojetmallorca.com\/de\/ueber-uns\/\",\"name\":\"\u00dcber uns - GoJet Mallorca\",\"isPartOf\":{\"@id\":\"https:\/\/gojetmallorca.com\/#website\"},\"datePublished\":\"2021-05-17T10:58:10+00:00\",\"dateModified\":\"2024-06-27T07:20:51+00:00\",\"breadcrumb\":{\"@id\":\"https:\/\/gojetmallorca.com\/de\/ueber-uns\/#breadcrumb\"},\"inLanguage\":\"de\",\"potentialAction\":[{\"@type\":\"ReadAction\",\"target\":[\"https:\/\/gojetmallorca.com\/de\/ueber-uns\/\"]}]},{\"@type\":\"BreadcrumbList\",\"@id\":\"https:\/\/gojetmallorca.com\/de\/ueber-uns\/#breadcrumb\",\"itemListElement\":[{\"@type\":\"ListItem\",\"position\":1,\"name\":\"Portada\",\"item\":\"https:\/\/gojetmallorca.com\/de\/touren\/\"},{\"@type\":\"ListItem\",\"position\":2,\"name\":\"\u00dcber uns\"}]},{\"@type\":\"WebSite\",\"@id\":\"https:\/\/gojetmallorca.com\/#website\",\"url\":\"https:\/\/gojetmallorca.com\/\",\"name\":\"GoJet Mallorca\",\"description\":\"JetSki Tours in Mallorca\",\"publisher\":{\"@id\":\"https:\/\/gojetmallorca.com\/#organization\"},\"potentialAction\":[{\"@type\":\"SearchAction\",\"target\":{\"@type\":\"EntryPoint\",\"urlTemplate\":\"https:\/\/gojetmallorca.com\/?s={search_term_string}\"},\"query-input\":{\"@type\":\"PropertyValueSpecification\",\"valueRequired\":true,\"valueName\":\"search_term_string\"}}],\"inLanguage\":\"de\"},{\"@type\":\"Organization\",\"@id\":\"https:\/\/gojetmallorca.com\/#organization\",\"name\":\"GoJet Mallorca\",\"url\":\"https:\/\/gojetmallorca.com\/\",\"logo\":{\"@type\":\"ImageObject\",\"inLanguage\":\"de\",\"@id\":\"https:\/\/gojetmallorca.com\/#\/schema\/logo\/image\/\",\"url\":\"https:\/\/gojetmallorca.com\/wp-content\/uploads\/2021\/07\/gojet-mallorca-logo.jpg\",\"contentUrl\":\"https:\/\/gojetmallorca.com\/wp-content\/uploads\/2021\/07\/gojet-mallorca-logo.jpg\",\"width\":350,\"height\":212,\"caption\":\"GoJet Mallorca\"},\"image\":{\"@id\":\"https:\/\/gojetmallorca.com\/#\/schema\/logo\/image\/\"},\"sameAs\":[\"https:\/\/www.facebook.com\/gojetskitours\",\"https:\/\/www.instagram.com\/gojetmallorca\/\"]}]}<\/script>\n<!-- \/ Yoast SEO plugin. -->","yoast_head_json":{"title":"\u00dcber uns - GoJet Mallorca","robots":{"index":"index","follow":"follow","max-snippet":"max-snippet:-1","max-image-preview":"max-image-preview:large","max-video-preview":"max-video-preview:-1"},"canonical":"https:\/\/gojetmallorca.com\/de\/ueber-uns\/","og_locale":"de_DE","og_type":"article","og_title":"\u00dcber uns - GoJet Mallorca","og_description":"UNSERE URSPR\u00dcNGE Gojet Service, ein Unternehmen, das 2019 von einer Gruppe von 2 Freunden w\u00e4hrend einer Reise nach Bali gegr\u00fcndet wurde. Der Name Gojet entstand aus der App &#8222;Gojek&#8220;, einer Anwendung f\u00fcr die Abholung und den Transfer von Kunden mit dem Motorrad auf Bali. Wir haben diese Idee auf die Welt der Jetskis \u00fcbertragen und [&hellip;]","og_url":"https:\/\/gojetmallorca.com\/de\/ueber-uns\/","og_site_name":"GoJet Mallorca","article_publisher":"https:\/\/www.facebook.com\/gojetskitours","article_modified_time":"2024-06-27T07:20:51+00:00","og_image":[{"width":1000,"height":1250,"url":"https:\/\/gojetmallorca.com\/wp-content\/uploads\/2022\/05\/ANDRATX-1.jpg","type":"image\/jpeg"}],"twitter_card":"summary_large_image","schema":{"@context":"https:\/\/schema.org","@graph":[{"@type":"WebPage","@id":"https:\/\/gojetmallorca.com\/de\/ueber-uns\/","url":"https:\/\/gojetmallorca.com\/de\/ueber-uns\/","name":"\u00dcber uns - GoJet Mallorca","isPartOf":{"@id":"https:\/\/gojetmallorca.com\/#website"},"datePublished":"2021-05-17T10:58:10+00:00","dateModified":"2024-06-27T07:20:51+00:00","breadcrumb":{"@id":"https:\/\/gojetmallorca.com\/de\/ueber-uns\/#breadcrumb"},"inLanguage":"de","potentialAction":[{"@type":"ReadAction","target":["https:\/\/gojetmallorca.com\/de\/ueber-uns\/"]}]},{"@type":"BreadcrumbList","@id":"https:\/\/gojetmallorca.com\/de\/ueber-uns\/#breadcrumb","itemListElement":[{"@type":"ListItem","position":1,"name":"Portada","item":"https:\/\/gojetmallorca.com\/de\/touren\/"},{"@type":"ListItem","position":2,"name":"\u00dcber uns"}]},{"@type":"WebSite","@id":"https:\/\/gojetmallorca.com\/#website","url":"https:\/\/gojetmallorca.com\/","name":"GoJet Mallorca","description":"JetSki Tours in Mallorca","publisher":{"@id":"https:\/\/gojetmallorca.com\/#organization"},"potentialAction":[{"@type":"SearchAction","target":{"@type":"EntryPoint","urlTemplate":"https:\/\/gojetmallorca.com\/?s={search_term_string}"},"query-input":{"@type":"PropertyValueSpecification","valueRequired":true,"valueName":"search_term_string"}}],"inLanguage":"de"},{"@type":"Organization","@id":"https:\/\/gojetmallorca.com\/#organization","name":"GoJet Mallorca","url":"https:\/\/gojetmallorca.com\/","logo":{"@type":"ImageObject","inLanguage":"de","@id":"https:\/\/gojetmallorca.com\/#\/schema\/logo\/image\/","url":"https:\/\/gojetmallorca.com\/wp-content\/uploads\/2021\/07\/gojet-mallorca-logo.jpg","contentUrl":"https:\/\/gojetmallorca.com\/wp-content\/uploads\/2021\/07\/gojet-mallorca-logo.jpg","width":350,"height":212,"caption":"GoJet Mallorca"},"image":{"@id":"https:\/\/gojetmallorca.com\/#\/schema\/logo\/image\/"},"sameAs":["https:\/\/www.facebook.com\/gojetskitours","https:\/\/www.instagram.com\/gojetmallorca\/"]}]}},"_links":{"self":[{"href":"https:\/\/gojetmallorca.com\/de\/wp-json\/wp\/v2\/pages\/8870","targetHints":{"allow":["GET"]}}],"collection":[{"href":"https:\/\/gojetmallorca.com\/de\/wp-json\/wp\/v2\/pages"}],"about":[{"href":"https:\/\/gojetmallorca.com\/de\/wp-json\/wp\/v2\/types\/page"}],"author":[{"embeddable":true,"href":"https:\/\/gojetmallorca.com\/de\/wp-json\/wp\/v2\/users\/1"}],"replies":[{"embeddable":true,"href":"https:\/\/gojetmallorca.com\/de\/wp-json\/wp\/v2\/comments?post=8870"}],"version-history":[{"count":0,"href":"https:\/\/gojetmallorca.com\/de\/wp-json\/wp\/v2\/pages\/8870\/revisions"}],"wp:attachment":[{"href":"https:\/\/gojetmallorca.com\/de\/wp-json\/wp\/v2\/media?parent=8870"}],"curies":[{"name":"wp","href":"https:\/\/api.w.org\/{rel}","templated":true}]}}