{"id":8944,"date":"2022-06-01T07:45:09","date_gmt":"2022-06-01T07:45:09","guid":{"rendered":"https:\/\/gojetmallorca.com\/bootscharter-willkommen\/"},"modified":"2024-05-17T07:29:37","modified_gmt":"2024-05-17T07:29:37","slug":"bootscharter-willkommen","status":"publish","type":"page","link":"https:\/\/gojetmallorca.com\/de\/bootscharter-willkommen\/","title":{"rendered":"Bootscharter | Willkommen"},"content":{"rendered":"\t\t<div data-elementor-type=\"wp-page\" data-elementor-id=\"8944\" class=\"elementor elementor-8944 elementor-5671\" data-elementor-post-type=\"page\">\n\t\t\t\t\t\t<section class=\"elementor-section elementor-top-section elementor-element elementor-element-6e987fa elementor-section-boxed elementor-section-height-default elementor-section-height-default\" data-id=\"6e987fa\" data-element_type=\"section\">\n\t\t\t\t\t\t<div class=\"elementor-container elementor-column-gap-default\">\n\t\t\t\t\t<div class=\"elementor-column elementor-col-100 elementor-top-column elementor-element elementor-element-8523117\" data-id=\"8523117\" data-element_type=\"column\">\n\t\t\t<div class=\"elementor-widget-wrap elementor-element-populated\">\n\t\t\t\t\t\t<div class=\"elementor-element elementor-element-4c54de6 elementor-widget elementor-widget-spacer\" data-id=\"4c54de6\" data-element_type=\"widget\" data-widget_type=\"spacer.default\">\n\t\t\t\t<div class=\"elementor-widget-container\">\n\t\t\t\t\t\t\t<div class=\"elementor-spacer\">\n\t\t\t<div class=\"elementor-spacer-inner\"><\/div>\n\t\t<\/div>\n\t\t\t\t\t\t<\/div>\n\t\t\t\t<\/div>\n\t\t\t\t<div class=\"elementor-element elementor-element-9ef803d elementor-widget elementor-widget-heading\" data-id=\"9ef803d\" data-element_type=\"widget\" data-widget_type=\"heading.default\">\n\t\t\t\t<div class=\"elementor-widget-container\">\n\t\t\t\t\t<h2 class=\"elementor-heading-title elementor-size-default\">Zum einen <b>GOJET SERVICE SCP<\/b>, mit Sitz in Alcudia, Stra\u00dfe Teodoro Canet 12, Local 2, (07400) und NIF: J16563447, Tel. +34 669 002 719 und E-Mail: <i>info@gojetmallorca.com<\/i>\n<br>\n<br>\nUnd auf der anderen Seite,<\/h2>\t\t\t\t<\/div>\n\t\t\t\t<\/div>\n\t\t\t\t<div class=\"elementor-element elementor-element-090f084 elementor-button-align-stretch elementor-widget elementor-widget-form\" data-id=\"090f084\" data-element_type=\"widget\" data-settings=\"{&quot;step_next_label&quot;:&quot;N\\u00e4chste&quot;,&quot;step_previous_label&quot;:&quot;Vorherige&quot;,&quot;button_width&quot;:&quot;100&quot;,&quot;step_type&quot;:&quot;number_text&quot;,&quot;step_icon_shape&quot;:&quot;circle&quot;}\" data-widget_type=\"form.default\">\n\t\t\t\t<div class=\"elementor-widget-container\">\n\t\t\t\t\t\t\t<form class=\"elementor-form\" method=\"post\" name=\"Bootscharter Willkommen\" aria-label=\"Bootscharter Willkommen\">\n\t\t\t<input type=\"hidden\" name=\"post_id\" value=\"8944\"\/>\n\t\t\t<input type=\"hidden\" name=\"form_id\" value=\"090f084\"\/>\n\t\t\t<input type=\"hidden\" name=\"referer_title\" value=\"Bootscharter | Willkommen | GoJet Mallorca\" \/>\n\n\t\t\t\t\t\t\t<input type=\"hidden\" name=\"queried_id\" value=\"8944\"\/>\n\t\t\t\n\t\t\t<div class=\"elementor-form-fields-wrapper elementor-labels-above\">\n\t\t\t\t\t\t\t\t<div class=\"elementor-field-type-step elementor-field-group elementor-column elementor-field-group-field_73ebfb9 elementor-col-100\">\n\t\t\t\t\t\t\t<div class=\"e-field-step elementor-hidden\" data-label=\"\" data-previousButton=\"\" data-nextButton=\"\" data-iconUrl=\"\" data-iconLibrary=\"fas fa-star\" data-icon=\"\" ><\/div>\n\n\t\t\t\t\t\t<\/div>\n\t\t\t\t\t\t\t\t<div class=\"elementor-field-type-text elementor-field-group elementor-column elementor-field-group-name elementor-col-100\">\n\t\t\t\t\t\t\t\t\t\t\t\t<label for=\"form-field-name\" class=\"elementor-field-label\">\n\t\t\t\t\t\t\t\tName\t\t\t\t\t\t\t<\/label>\n\t\t\t\t\t\t\t\t\t\t\t\t\t\t<input size=\"1\" type=\"text\" name=\"form_fields[name]\" id=\"form-field-name\" class=\"elementor-field elementor-size-sm  elementor-field-textual\" placeholder=\"Mr.\/Mrs.\">\n\t\t\t\t\t\t\t\t\t\t\t<\/div>\n\t\t\t\t\t\t\t\t<div class=\"elementor-field-type-text elementor-field-group elementor-column elementor-field-group-email elementor-col-50 elementor-field-required\">\n\t\t\t\t\t\t\t\t\t\t\t\t<label for=\"form-field-email\" class=\"elementor-field-label\">\n\t\t\t\t\t\t\t\tDNI (ID)\/PAS n\u00ba\t\t\t\t\t\t\t<\/label>\n\t\t\t\t\t\t\t\t\t\t\t\t\t\t<input size=\"1\" type=\"text\" name=\"form_fields[email]\" id=\"form-field-email\" class=\"elementor-field elementor-size-sm  elementor-field-textual\" required=\"required\">\n\t\t\t\t\t\t\t\t\t\t\t<\/div>\n\t\t\t\t\t\t\t\t<div class=\"elementor-field-type-text elementor-field-group elementor-column elementor-field-group-field_f7640cd elementor-col-20 elementor-field-required\">\n\t\t\t\t\t\t\t\t\t\t\t\t<label for=\"form-field-field_f7640cd\" class=\"elementor-field-label\">\n\t\t\t\t\t\t\t\tPr\u00e4fix\t\t\t\t\t\t\t<\/label>\n\t\t\t\t\t\t\t\t\t\t\t\t\t\t<input size=\"1\" type=\"text\" name=\"form_fields[field_f7640cd]\" id=\"form-field-field_f7640cd\" class=\"elementor-field elementor-size-sm  elementor-field-textual\" required=\"required\">\n\t\t\t\t\t\t\t\t\t\t\t<\/div>\n\t\t\t\t\t\t\t\t<div class=\"elementor-field-type-tel elementor-field-group elementor-column elementor-field-group-field_99e6021 elementor-col-30 elementor-field-required\">\n\t\t\t\t\t\t\t\t\t\t\t\t<label for=\"form-field-field_99e6021\" class=\"elementor-field-label\">\n\t\t\t\t\t\t\t\tTelefon Nummer\t\t\t\t\t\t\t<\/label>\n\t\t\t\t\t\t\t\t<input size=\"1\" type=\"tel\" name=\"form_fields[field_99e6021]\" id=\"form-field-field_99e6021\" class=\"elementor-field elementor-size-sm  elementor-field-textual\" required=\"required\" pattern=\"[0-9()#&amp;+*-=.]+\" title=\"Nur Nummern oder Telefon-Zeichen (#, -, *, etc) werden akzeptiert.\">\n\n\t\t\t\t\t\t<\/div>\n\t\t\t\t\t\t\t\t<div class=\"elementor-field-type-text elementor-field-group elementor-column elementor-field-group-field_7644641 elementor-col-50 elementor-field-required\">\n\t\t\t\t\t\t\t\t\t\t\t\t<label for=\"form-field-field_7644641\" class=\"elementor-field-label\">\n\t\t\t\t\t\t\t\tSie leben in der Stadt\t\t\t\t\t\t\t<\/label>\n\t\t\t\t\t\t\t\t\t\t\t\t\t\t<input size=\"1\" type=\"text\" name=\"form_fields[field_7644641]\" id=\"form-field-field_7644641\" class=\"elementor-field elementor-size-sm  elementor-field-textual\" required=\"required\">\n\t\t\t\t\t\t\t\t\t\t\t<\/div>\n\t\t\t\t\t\t\t\t<div class=\"elementor-field-type-text elementor-field-group elementor-column elementor-field-group-field_6e1f70d elementor-col-50 elementor-field-required\">\n\t\t\t\t\t\t\t\t\t\t\t\t<label for=\"form-field-field_6e1f70d\" class=\"elementor-field-label\">\n\t\t\t\t\t\t\t\tDomizil auf Mallorca unter\t\t\t\t\t\t\t<\/label>\n\t\t\t\t\t\t\t\t\t\t\t\t\t\t<input size=\"1\" type=\"text\" name=\"form_fields[field_6e1f70d]\" id=\"form-field-field_6e1f70d\" class=\"elementor-field elementor-size-sm  elementor-field-textual\" required=\"required\">\n\t\t\t\t\t\t\t\t\t\t\t<\/div>\n\t\t\t\t\t\t\t\t<div class=\"elementor-field-type-text elementor-field-group elementor-column elementor-field-group-field_ecf1171 elementor-col-100 elementor-field-required\">\n\t\t\t\t\t\t\t\t\t\t\t\t<label for=\"form-field-field_ecf1171\" class=\"elementor-field-label\">\n\t\t\t\t\t\t\t\tSeglerische Qualifikation\t\t\t\t\t\t\t<\/label>\n\t\t\t\t\t\t\t\t\t\t\t\t\t\t<input size=\"1\" type=\"text\" name=\"form_fields[field_ecf1171]\" id=\"form-field-field_ecf1171\" class=\"elementor-field elementor-size-sm  elementor-field-textual\" required=\"required\">\n\t\t\t\t\t\t\t\t\t\t\t<\/div>\n\t\t\t\t\t\t\t\t<div class=\"elementor-field-type-step elementor-field-group elementor-column elementor-field-group-field_bb175cb elementor-col-100\">\n\t\t\t\t\t\t\t<div class=\"e-field-step elementor-hidden\" data-label=\"\" data-previousButton=\"Vorherige\" data-nextButton=\"N\u00e4chste\" data-iconUrl=\"\" data-iconLibrary=\"fas fa-star\" data-icon=\"\" ><\/div>\n\n\t\t\t\t\t\t<\/div>\n\t\t\t\t\t\t\t\t<div class=\"elementor-field-type-text elementor-field-group elementor-column elementor-field-group-field_7ae04ba elementor-col-50 elementor-field-required\">\n\t\t\t\t\t\t\t\t\t\t\t\t<label for=\"form-field-field_7ae04ba\" class=\"elementor-field-label\">\n\t\t\t\t\t\t\t\tMarke\t\t\t\t\t\t\t<\/label>\n\t\t\t\t\t\t\t\t\t\t\t\t\t\t<input size=\"1\" type=\"text\" name=\"form_fields[field_7ae04ba]\" id=\"form-field-field_7ae04ba\" class=\"elementor-field elementor-size-sm  elementor-field-textual\" placeholder=\"\u00dcber das Schiff\" required=\"required\">\n\t\t\t\t\t\t\t\t\t\t\t<\/div>\n\t\t\t\t\t\t\t\t<div class=\"elementor-field-type-text elementor-field-group elementor-column elementor-field-group-field_8b61317 elementor-col-50 elementor-field-required\">\n\t\t\t\t\t\t\t\t\t\t\t\t<label for=\"form-field-field_8b61317\" class=\"elementor-field-label\">\n\t\t\t\t\t\t\t\tModell\t\t\t\t\t\t\t<\/label>\n\t\t\t\t\t\t\t\t\t\t\t\t\t\t<input size=\"1\" type=\"text\" name=\"form_fields[field_8b61317]\" id=\"form-field-field_8b61317\" class=\"elementor-field elementor-size-sm  elementor-field-textual\" placeholder=\"\u00dcber das Schiff\" required=\"required\">\n\t\t\t\t\t\t\t\t\t\t\t<\/div>\n\t\t\t\t\t\t\t\t<div class=\"elementor-field-type-text elementor-field-group elementor-column elementor-field-group-field_935b663 elementor-col-33 elementor-field-required\">\n\t\t\t\t\t\t\t\t\t\t\t\t<label for=\"form-field-field_935b663\" class=\"elementor-field-label\">\n\t\t\t\t\t\t\t\tName\t\t\t\t\t\t\t<\/label>\n\t\t\t\t\t\t\t\t\t\t\t\t\t\t<input size=\"1\" type=\"text\" name=\"form_fields[field_935b663]\" id=\"form-field-field_935b663\" class=\"elementor-field elementor-size-sm  elementor-field-textual\" placeholder=\"\u00dcber das Schiff\" required=\"required\">\n\t\t\t\t\t\t\t\t\t\t\t<\/div>\n\t\t\t\t\t\t\t\t<div class=\"elementor-field-type-text elementor-field-group elementor-column elementor-field-group-field_5f61605 elementor-col-33 elementor-field-required\">\n\t\t\t\t\t\t\t\t\t\t\t\t<label for=\"form-field-field_5f61605\" class=\"elementor-field-label\">\n\t\t\t\t\t\t\t\tAnmeldung\t\t\t\t\t\t\t<\/label>\n\t\t\t\t\t\t\t\t\t\t\t\t\t\t<input size=\"1\" type=\"text\" name=\"form_fields[field_5f61605]\" id=\"form-field-field_5f61605\" class=\"elementor-field elementor-size-sm  elementor-field-textual\" placeholder=\"\u00dcber das Schiff\" required=\"required\">\n\t\t\t\t\t\t\t\t\t\t\t<\/div>\n\t\t\t\t\t\t\t\t<div class=\"elementor-field-type-text elementor-field-group elementor-column elementor-field-group-field_9d5272f elementor-col-33 elementor-field-required\">\n\t\t\t\t\t\t\t\t\t\t\t\t<label for=\"form-field-field_9d5272f\" class=\"elementor-field-label\">\n\t\t\t\t\t\t\t\tMaximum n\u00ba. autorisierte Personen\t\t\t\t\t\t\t<\/label>\n\t\t\t\t\t\t\t\t\t\t\t\t\t\t<input size=\"1\" type=\"text\" name=\"form_fields[field_9d5272f]\" id=\"form-field-field_9d5272f\" class=\"elementor-field elementor-size-sm  elementor-field-textual\" placeholder=\"\u00dcber das Schiff\" required=\"required\">\n\t\t\t\t\t\t\t\t\t\t\t<\/div>\n\t\t\t\t\t\t\t\t<div class=\"elementor-field-type-step elementor-field-group elementor-column elementor-field-group-field_9ffb78c elementor-col-100\">\n\t\t\t\t\t\t\t<div class=\"e-field-step elementor-hidden\" data-label=\"\" data-previousButton=\"Vorherige\" data-nextButton=\"N\u00e4chste\" data-iconUrl=\"\" data-iconLibrary=\"fas fa-star\" data-icon=\"\" ><\/div>\n\n\t\t\t\t\t\t<\/div>\n\t\t\t\t\t\t\t\t<div class=\"elementor-field-type-text elementor-field-group elementor-column elementor-field-group-field_4e17d5c elementor-col-33 elementor-field-required\">\n\t\t\t\t\t\t\t\t\t\t\t\t<label for=\"form-field-field_4e17d5c\" class=\"elementor-field-label\">\n\t\t\t\t\t\t\t\tAus dem\t\t\t\t\t\t\t<\/label>\n\t\t\t\t\t\t\t\t\t\t\t\t\t\t<input size=\"1\" type=\"text\" name=\"form_fields[field_4e17d5c]\" id=\"form-field-field_4e17d5c\" class=\"elementor-field elementor-size-sm  elementor-field-textual\" placeholder=\"Pachtdauer\" required=\"required\">\n\t\t\t\t\t\t\t\t\t\t\t<\/div>\n\t\t\t\t\t\t\t\t<div class=\"elementor-field-type-text elementor-field-group elementor-column elementor-field-group-field_da19cba elementor-col-33 elementor-field-required\">\n\t\t\t\t\t\t\t\t\t\t\t\t<label for=\"form-field-field_da19cba\" class=\"elementor-field-label\">\n\t\t\t\t\t\t\t\tvon\t\t\t\t\t\t\t<\/label>\n\t\t\t\t\t\t\t\t\t\t\t\t\t\t<input size=\"1\" type=\"text\" name=\"form_fields[field_da19cba]\" id=\"form-field-field_da19cba\" class=\"elementor-field elementor-size-sm  elementor-field-textual\" placeholder=\"Pachtdauer\" required=\"required\">\n\t\t\t\t\t\t\t\t\t\t\t<\/div>\n\t\t\t\t\t\t\t\t<div class=\"elementor-field-type-text elementor-field-group elementor-column elementor-field-group-field_fe83f49 elementor-col-33 elementor-field-required\">\n\t\t\t\t\t\t\t\t\t\t\t\t<label for=\"form-field-field_fe83f49\" class=\"elementor-field-label\">\n\t\t\t\t\t\t\t\tbis die\t\t\t\t\t\t\t<\/label>\n\t\t\t\t\t\t\t\t\t\t\t\t\t\t<input size=\"1\" type=\"text\" name=\"form_fields[field_fe83f49]\" id=\"form-field-field_fe83f49\" class=\"elementor-field elementor-size-sm  elementor-field-textual\" placeholder=\"Pachtdauer\" required=\"required\">\n\t\t\t\t\t\t\t\t\t\t\t<\/div>\n\t\t\t\t\t\t\t\t<div class=\"elementor-field-type-text elementor-field-group elementor-column elementor-field-group-field_53cbbe5 elementor-col-33 elementor-field-required\">\n\t\t\t\t\t\t\t\t\t\t\t\t<label for=\"form-field-field_53cbbe5\" class=\"elementor-field-label\">\n\t\t\t\t\t\t\t\tvon\t\t\t\t\t\t\t<\/label>\n\t\t\t\t\t\t\t\t\t\t\t\t\t\t<input size=\"1\" type=\"text\" name=\"form_fields[field_53cbbe5]\" id=\"form-field-field_53cbbe5\" class=\"elementor-field elementor-size-sm  elementor-field-textual\" placeholder=\"Pachtdauer\" required=\"required\">\n\t\t\t\t\t\t\t\t\t\t\t<\/div>\n\t\t\t\t\t\t\t\t<div class=\"elementor-field-type-text elementor-field-group elementor-column elementor-field-group-field_c049840 elementor-col-33 elementor-field-required\">\n\t\t\t\t\t\t\t\t\t\t\t\t<label for=\"form-field-field_c049840\" class=\"elementor-field-label\">\n\t\t\t\t\t\t\t\tvon\t\t\t\t\t\t\t<\/label>\n\t\t\t\t\t\t\t\t\t\t\t\t\t\t<input size=\"1\" type=\"text\" name=\"form_fields[field_c049840]\" id=\"form-field-field_c049840\" class=\"elementor-field elementor-size-sm  elementor-field-textual\" placeholder=\"Pachtdauer\" required=\"required\">\n\t\t\t\t\t\t\t\t\t\t\t<\/div>\n\t\t\t\t\t\t\t\t<div class=\"elementor-field-type-text elementor-field-group elementor-column elementor-field-group-field_9d98810 elementor-col-33 elementor-field-required\">\n\t\t\t\t\t\t\t\t\t\t\t\t<label for=\"form-field-field_9d98810\" class=\"elementor-field-label\">\n\t\t\t\t\t\t\t\tam bis\t\t\t\t\t\t\t<\/label>\n\t\t\t\t\t\t\t\t\t\t\t\t\t\t<input size=\"1\" type=\"text\" name=\"form_fields[field_9d98810]\" id=\"form-field-field_9d98810\" class=\"elementor-field elementor-size-sm  elementor-field-textual\" placeholder=\"pm\" required=\"required\">\n\t\t\t\t\t\t\t\t\t\t\t<\/div>\n\t\t\t\t\t\t\t\t<div class=\"elementor-field-type-step elementor-field-group elementor-column elementor-field-group-field_aa8597b elementor-col-100\">\n\t\t\t\t\t\t\t<div class=\"e-field-step elementor-hidden\" data-label=\"\" data-previousButton=\"Vorherige\" data-nextButton=\"N\u00e4chste\" data-iconUrl=\"\" data-iconLibrary=\"fas fa-star\" data-icon=\"\" ><\/div>\n\n\t\t\t\t\t\t<\/div>\n\t\t\t\t\t\t\t\t<div class=\"elementor-field-type-html elementor-field-group elementor-column elementor-field-group-field_3d83d6f elementor-col-100\">\n\t\t\t\t\tENGLISH <a href=\"https:\/\/gojetmallorca.com\/wp-content\/uploads\/2022\/06\/contrato-ingles-BOAT-CHARTER-QR-INGLES.pdf\"> Bootsmietvertrag<\/a>\n<br>\n<br>\nSPANISCH\n<a href=\"https:\/\/gojetmallorca.com\/wp-content\/uploads\/2022\/06\/contrato-castellano-QR-.pdf\">  Boot-Leasingvertrag<\/a>\t\t\t\t<\/div>\n\t\t\t\t\t\t\t\t<div class=\"elementor-field-type-acceptance elementor-field-group elementor-column elementor-field-group-field_6c2d321 elementor-col-100 elementor-field-required\">\n\t\t\t\t\t\t\t\t\t\t\t\t<label for=\"form-field-field_6c2d321\" class=\"elementor-field-label\">\n\t\t\t\t\t\t\t\tAkzeptanz\t\t\t\t\t\t\t<\/label>\n\t\t\t\t\t\t\t\t<div class=\"elementor-field-subgroup\">\n\t\t\t<span class=\"elementor-field-option\">\n\t\t\t\t<input type=\"checkbox\" name=\"form_fields[field_6c2d321]\" id=\"form-field-field_6c2d321\" class=\"elementor-field elementor-size-sm  elementor-acceptance-field\" required=\"required\">\n\t\t\t\t<label for=\"form-field-field_6c2d321\">Zu Urkund dessen und unter Anerkennung der auf dem beigef\u00fcgten Dokument aufgef\u00fchrten Klauseln und Nachfolgeklauseln unterzeichnen die folgenden Personen das vorliegende Dokument.<\/label>\t\t\t<\/span>\n\t\t<\/div>\n\t\t\t\t\t\t<\/div>\n\t\t\t\t\t\t\t\t<div class=\"elementor-field-group elementor-column elementor-field-type-submit elementor-col-100 e-form__buttons\">\n\t\t\t\t\t<button class=\"elementor-button elementor-size-sm\" type=\"submit\">\n\t\t\t\t\t\t<span class=\"elementor-button-content-wrapper\">\n\t\t\t\t\t\t\t\t\t\t\t\t\t\t\t\t\t\t\t\t\t\t<span class=\"elementor-button-text\">Senden Sie<\/span>\n\t\t\t\t\t\t\t\t\t\t\t\t\t<\/span>\n\t\t\t\t\t<\/button>\n\t\t\t\t<\/div>\n\t\t\t<\/div>\n\t\t<\/form>\n\t\t\t\t\t\t<\/div>\n\t\t\t\t<\/div>\n\t\t\t\t<div class=\"elementor-element elementor-element-08491f8 elementor-widget elementor-widget-heading\" data-id=\"08491f8\" data-element_type=\"widget\" data-widget_type=\"heading.default\">\n\t\t\t\t<div class=\"elementor-widget-container\">\n\t\t\t\t\t<h2 class=\"elementor-heading-title elementor-size-default\">Beide Parteien erkennen gegenseitig ihre F\u00e4higkeit an, Vereinbarungen zu treffen und Vertr\u00e4ge abzuschlie\u00dfen, und unterzeichnen zu diesem Zweck den vorliegenden <b>Schiffsleasingvertrag<\/b> gem\u00e4\u00df den genannten KLAUSELN.<\/h2>\t\t\t\t<\/div>\n\t\t\t\t<\/div>\n\t\t\t\t\t<\/div>\n\t\t<\/div>\n\t\t\t\t\t<\/div>\n\t\t<\/section>\n\t\t\t\t<\/div>\n\t\t","protected":false},"excerpt":{"rendered":"<p>Zum einen GOJET SERVICE SCP, mit Sitz in Alcudia, Stra\u00dfe Teodoro Canet 12, Local 2, (07400) und NIF: J16563447, Tel. +34 669 002 719 und E-Mail: info@gojetmallorca.com Und auf der anderen Seite, Beide Parteien erkennen gegenseitig ihre F\u00e4higkeit an, Vereinbarungen zu treffen und Vertr\u00e4ge abzuschlie\u00dfen, und unterzeichnen zu diesem Zweck den vorliegenden Schiffsleasingvertrag gem\u00e4\u00df den [&hellip;]<\/p>\n","protected":false},"author":1,"featured_media":0,"parent":0,"menu_order":0,"comment_status":"closed","ping_status":"closed","template":"","meta":{"footnotes":""},"class_list":["post-8944","page","type-page","status-publish","hentry"],"yoast_head":"<!-- This site is optimized with the Yoast SEO plugin v25.8 - https:\/\/yoast.com\/wordpress\/plugins\/seo\/ -->\n<title>Bootscharter | Willkommen - GoJet Mallorca<\/title>\n<meta name=\"robots\" content=\"index, follow, max-snippet:-1, max-image-preview:large, max-video-preview:-1\" \/>\n<link rel=\"canonical\" href=\"https:\/\/gojetmallorca.com\/de\/bootscharter-willkommen\/\" \/>\n<meta property=\"og:locale\" content=\"de_DE\" \/>\n<meta property=\"og:type\" content=\"article\" \/>\n<meta property=\"og:title\" content=\"Bootscharter | Willkommen - GoJet Mallorca\" \/>\n<meta property=\"og:description\" content=\"Zum einen GOJET SERVICE SCP, mit Sitz in Alcudia, Stra\u00dfe Teodoro Canet 12, Local 2, (07400) und NIF: J16563447, Tel. +34 669 002 719 und E-Mail: info@gojetmallorca.com Und auf der anderen Seite, Beide Parteien erkennen gegenseitig ihre F\u00e4higkeit an, Vereinbarungen zu treffen und Vertr\u00e4ge abzuschlie\u00dfen, und unterzeichnen zu diesem Zweck den vorliegenden Schiffsleasingvertrag gem\u00e4\u00df den [&hellip;]\" \/>\n<meta property=\"og:url\" content=\"https:\/\/gojetmallorca.com\/de\/bootscharter-willkommen\/\" \/>\n<meta property=\"og:site_name\" content=\"GoJet Mallorca\" \/>\n<meta property=\"article:publisher\" content=\"https:\/\/www.facebook.com\/gojetskitours\" \/>\n<meta property=\"article:modified_time\" content=\"2024-05-17T07:29:37+00:00\" \/>\n<meta property=\"og:image\" content=\"https:\/\/gojetmallorca.com\/wp-content\/uploads\/2022\/05\/ANDRATX-1.jpg\" \/>\n\t<meta property=\"og:image:width\" content=\"1000\" \/>\n\t<meta property=\"og:image:height\" content=\"1250\" \/>\n\t<meta property=\"og:image:type\" content=\"image\/jpeg\" \/>\n<meta name=\"twitter:card\" content=\"summary_large_image\" \/>\n<script type=\"application\/ld+json\" class=\"yoast-schema-graph\">{\"@context\":\"https:\/\/schema.org\",\"@graph\":[{\"@type\":\"WebPage\",\"@id\":\"https:\/\/gojetmallorca.com\/de\/bootscharter-willkommen\/\",\"url\":\"https:\/\/gojetmallorca.com\/de\/bootscharter-willkommen\/\",\"name\":\"Bootscharter | Willkommen - GoJet Mallorca\",\"isPartOf\":{\"@id\":\"https:\/\/gojetmallorca.com\/#website\"},\"datePublished\":\"2022-06-01T07:45:09+00:00\",\"dateModified\":\"2024-05-17T07:29:37+00:00\",\"breadcrumb\":{\"@id\":\"https:\/\/gojetmallorca.com\/de\/bootscharter-willkommen\/#breadcrumb\"},\"inLanguage\":\"de\",\"potentialAction\":[{\"@type\":\"ReadAction\",\"target\":[\"https:\/\/gojetmallorca.com\/de\/bootscharter-willkommen\/\"]}]},{\"@type\":\"BreadcrumbList\",\"@id\":\"https:\/\/gojetmallorca.com\/de\/bootscharter-willkommen\/#breadcrumb\",\"itemListElement\":[{\"@type\":\"ListItem\",\"position\":1,\"name\":\"Portada\",\"item\":\"https:\/\/gojetmallorca.com\/de\/touren\/\"},{\"@type\":\"ListItem\",\"position\":2,\"name\":\"Bootscharter | Willkommen\"}]},{\"@type\":\"WebSite\",\"@id\":\"https:\/\/gojetmallorca.com\/#website\",\"url\":\"https:\/\/gojetmallorca.com\/\",\"name\":\"GoJet Mallorca\",\"description\":\"JetSki Tours in Mallorca\",\"publisher\":{\"@id\":\"https:\/\/gojetmallorca.com\/#organization\"},\"potentialAction\":[{\"@type\":\"SearchAction\",\"target\":{\"@type\":\"EntryPoint\",\"urlTemplate\":\"https:\/\/gojetmallorca.com\/?s={search_term_string}\"},\"query-input\":{\"@type\":\"PropertyValueSpecification\",\"valueRequired\":true,\"valueName\":\"search_term_string\"}}],\"inLanguage\":\"de\"},{\"@type\":\"Organization\",\"@id\":\"https:\/\/gojetmallorca.com\/#organization\",\"name\":\"GoJet Mallorca\",\"url\":\"https:\/\/gojetmallorca.com\/\",\"logo\":{\"@type\":\"ImageObject\",\"inLanguage\":\"de\",\"@id\":\"https:\/\/gojetmallorca.com\/#\/schema\/logo\/image\/\",\"url\":\"https:\/\/gojetmallorca.com\/wp-content\/uploads\/2021\/07\/gojet-mallorca-logo.jpg\",\"contentUrl\":\"https:\/\/gojetmallorca.com\/wp-content\/uploads\/2021\/07\/gojet-mallorca-logo.jpg\",\"width\":350,\"height\":212,\"caption\":\"GoJet Mallorca\"},\"image\":{\"@id\":\"https:\/\/gojetmallorca.com\/#\/schema\/logo\/image\/\"},\"sameAs\":[\"https:\/\/www.facebook.com\/gojetskitours\",\"https:\/\/www.instagram.com\/gojetmallorca\/\"]}]}<\/script>\n<!-- \/ Yoast SEO plugin. -->","yoast_head_json":{"title":"Bootscharter | Willkommen - GoJet Mallorca","robots":{"index":"index","follow":"follow","max-snippet":"max-snippet:-1","max-image-preview":"max-image-preview:large","max-video-preview":"max-video-preview:-1"},"canonical":"https:\/\/gojetmallorca.com\/de\/bootscharter-willkommen\/","og_locale":"de_DE","og_type":"article","og_title":"Bootscharter | Willkommen - GoJet Mallorca","og_description":"Zum einen GOJET SERVICE SCP, mit Sitz in Alcudia, Stra\u00dfe Teodoro Canet 12, Local 2, (07400) und NIF: J16563447, Tel. +34 669 002 719 und E-Mail: info@gojetmallorca.com Und auf der anderen Seite, Beide Parteien erkennen gegenseitig ihre F\u00e4higkeit an, Vereinbarungen zu treffen und Vertr\u00e4ge abzuschlie\u00dfen, und unterzeichnen zu diesem Zweck den vorliegenden Schiffsleasingvertrag gem\u00e4\u00df den [&hellip;]","og_url":"https:\/\/gojetmallorca.com\/de\/bootscharter-willkommen\/","og_site_name":"GoJet Mallorca","article_publisher":"https:\/\/www.facebook.com\/gojetskitours","article_modified_time":"2024-05-17T07:29:37+00:00","og_image":[{"width":1000,"height":1250,"url":"https:\/\/gojetmallorca.com\/wp-content\/uploads\/2022\/05\/ANDRATX-1.jpg","type":"image\/jpeg"}],"twitter_card":"summary_large_image","schema":{"@context":"https:\/\/schema.org","@graph":[{"@type":"WebPage","@id":"https:\/\/gojetmallorca.com\/de\/bootscharter-willkommen\/","url":"https:\/\/gojetmallorca.com\/de\/bootscharter-willkommen\/","name":"Bootscharter | Willkommen - GoJet Mallorca","isPartOf":{"@id":"https:\/\/gojetmallorca.com\/#website"},"datePublished":"2022-06-01T07:45:09+00:00","dateModified":"2024-05-17T07:29:37+00:00","breadcrumb":{"@id":"https:\/\/gojetmallorca.com\/de\/bootscharter-willkommen\/#breadcrumb"},"inLanguage":"de","potentialAction":[{"@type":"ReadAction","target":["https:\/\/gojetmallorca.com\/de\/bootscharter-willkommen\/"]}]},{"@type":"BreadcrumbList","@id":"https:\/\/gojetmallorca.com\/de\/bootscharter-willkommen\/#breadcrumb","itemListElement":[{"@type":"ListItem","position":1,"name":"Portada","item":"https:\/\/gojetmallorca.com\/de\/touren\/"},{"@type":"ListItem","position":2,"name":"Bootscharter | Willkommen"}]},{"@type":"WebSite","@id":"https:\/\/gojetmallorca.com\/#website","url":"https:\/\/gojetmallorca.com\/","name":"GoJet Mallorca","description":"JetSki Tours in Mallorca","publisher":{"@id":"https:\/\/gojetmallorca.com\/#organization"},"potentialAction":[{"@type":"SearchAction","target":{"@type":"EntryPoint","urlTemplate":"https:\/\/gojetmallorca.com\/?s={search_term_string}"},"query-input":{"@type":"PropertyValueSpecification","valueRequired":true,"valueName":"search_term_string"}}],"inLanguage":"de"},{"@type":"Organization","@id":"https:\/\/gojetmallorca.com\/#organization","name":"GoJet Mallorca","url":"https:\/\/gojetmallorca.com\/","logo":{"@type":"ImageObject","inLanguage":"de","@id":"https:\/\/gojetmallorca.com\/#\/schema\/logo\/image\/","url":"https:\/\/gojetmallorca.com\/wp-content\/uploads\/2021\/07\/gojet-mallorca-logo.jpg","contentUrl":"https:\/\/gojetmallorca.com\/wp-content\/uploads\/2021\/07\/gojet-mallorca-logo.jpg","width":350,"height":212,"caption":"GoJet Mallorca"},"image":{"@id":"https:\/\/gojetmallorca.com\/#\/schema\/logo\/image\/"},"sameAs":["https:\/\/www.facebook.com\/gojetskitours","https:\/\/www.instagram.com\/gojetmallorca\/"]}]}},"_links":{"self":[{"href":"https:\/\/gojetmallorca.com\/de\/wp-json\/wp\/v2\/pages\/8944","targetHints":{"allow":["GET"]}}],"collection":[{"href":"https:\/\/gojetmallorca.com\/de\/wp-json\/wp\/v2\/pages"}],"about":[{"href":"https:\/\/gojetmallorca.com\/de\/wp-json\/wp\/v2\/types\/page"}],"author":[{"embeddable":true,"href":"https:\/\/gojetmallorca.com\/de\/wp-json\/wp\/v2\/users\/1"}],"replies":[{"embeddable":true,"href":"https:\/\/gojetmallorca.com\/de\/wp-json\/wp\/v2\/comments?post=8944"}],"version-history":[{"count":0,"href":"https:\/\/gojetmallorca.com\/de\/wp-json\/wp\/v2\/pages\/8944\/revisions"}],"wp:attachment":[{"href":"https:\/\/gojetmallorca.com\/de\/wp-json\/wp\/v2\/media?parent=8944"}],"curies":[{"name":"wp","href":"https:\/\/api.w.org\/{rel}","templated":true}]}}