{"id":9099,"date":"2021-06-03T07:42:43","date_gmt":"2021-06-03T07:42:43","guid":{"rendered":"https:\/\/gojetmallorca.com\/cookie-richtlinie\/"},"modified":"2024-05-30T07:49:58","modified_gmt":"2024-05-30T07:49:58","slug":"cookie-richtlinie","status":"publish","type":"page","link":"https:\/\/gojetmallorca.com\/de\/cookie-richtlinie\/","title":{"rendered":"Cookie-Richtlinie"},"content":{"rendered":"\t\t<div data-elementor-type=\"wp-page\" data-elementor-id=\"9099\" class=\"elementor elementor-9099 elementor-3464\" data-elementor-post-type=\"page\">\n\t\t\t\t\t\t<section class=\"elementor-section elementor-top-section elementor-element elementor-element-5a4b294 elementor-section-boxed elementor-section-height-default elementor-section-height-default\" data-id=\"5a4b294\" data-element_type=\"section\">\n\t\t\t\t\t\t<div class=\"elementor-container elementor-column-gap-default\">\n\t\t\t\t\t<div class=\"elementor-column elementor-col-100 elementor-top-column elementor-element elementor-element-e8e8f44\" data-id=\"e8e8f44\" data-element_type=\"column\">\n\t\t\t<div class=\"elementor-widget-wrap elementor-element-populated\">\n\t\t\t\t\t\t<div class=\"elementor-element elementor-element-a7f0e9c elementor-widget elementor-widget-heading\" data-id=\"a7f0e9c\" data-element_type=\"widget\" data-widget_type=\"heading.default\">\n\t\t\t\t<div class=\"elementor-widget-container\">\n\t\t\t\t\t<h1 class=\"elementor-heading-title elementor-size-default\">Cookie-Richtlinie<\/h1>\t\t\t\t<\/div>\n\t\t\t\t<\/div>\n\t\t\t\t<div class=\"elementor-element elementor-element-ec2f1ff elementor-widget elementor-widget-text-editor\" data-id=\"ec2f1ff\" data-element_type=\"widget\" data-widget_type=\"text-editor.default\">\n\t\t\t\t<div class=\"elementor-widget-container\">\n\t\t\t\t\t\t\t\t\t<a href=\"https:\/\/gojetmallorca.com\/de\/\"><strong>gojetmallorca.com<\/strong><\/a>\n\nDer Zugriff auf diese Website kann die Verwendung von Cookies beinhalten. Cookies sind kleine Informationsmengen, die in dem von jedem Nutzer verwendeten Browser gespeichert werden &#8211; und zwar auf verschiedenen Ger\u00e4ten, die er zum Surfen verwendet -, so dass sich der Server bestimmte Informationen merkt, die nur der Server, der sie implementiert hat, sp\u00e4ter lesen kann. Cookies erleichtern die Navigation, machen sie benutzerfreundlicher und schaden dem Surfger\u00e4t nicht.\n\nCookies sind automatische Verfahren zur Sammlung von Informationen \u00fcber die Pr\u00e4ferenzen, die der Benutzer w\u00e4hrend seines Besuchs auf der Website festgelegt hat, um ihn als Benutzer zu erkennen und seine Erfahrung und Nutzung der Website zu personalisieren. Sie k\u00f6nnen zum Beispiel auch helfen, Fehler zu erkennen und zu beheben.\n\nDie durch Cookies gesammelten Informationen k\u00f6nnen das Datum und die Uhrzeit der Besuche auf der Website, die aufgerufenen Seiten, die auf der Website verbrachte Zeit und die unmittelbar davor und danach besuchten Websites umfassen. Kein Cookie erlaubt es jedoch, die Telefonnummer des Nutzers oder andere Mittel zur pers\u00f6nlichen Kontaktaufnahme zu kontaktieren. Kein Cookie kann Informationen von der Festplatte des Benutzers extrahieren oder pers\u00f6nliche Daten stehlen. Die einzige M\u00f6glichkeit, wie die privaten Informationen des Nutzers in die Cookie-Datei aufgenommen werden k\u00f6nnen, besteht darin, dass der Nutzer diese Informationen pers\u00f6nlich an den Server weitergibt.\n\nCookies, die die Identifizierung einer Person erm\u00f6glichen, gelten als personenbezogene Daten. Daher gilt f\u00fcr sie die oben beschriebene Datenschutzrichtlinie. In diesem Sinne ist die Zustimmung des Nutzers f\u00fcr die Verwendung dieser Cookies erforderlich. Diese Zustimmung wird auf der Grundlage einer authentischen Wahl mitgeteilt, die durch eine positive Entscheidung vor der ersten Verarbeitung getroffen, entfernt und dokumentiert wird.\n\n<h1>Eigene Cookies<\/h1>\n<strong> <\/strong>\n\nDabei handelt es sich um Cookies, die an den Computer oder das Ger\u00e4t des Nutzers gesendet werden und ausschlie\u00dflich von Gojet Mallorca verwaltet werden, um das Funktionieren der Website zu verbessern. Die gesammelten Informationen werden verwendet, um die Qualit\u00e4t der Website, ihren Inhalt und die Erfahrung des Benutzers zu verbessern. Diese Cookies erm\u00f6glichen es, den Nutzer als wiederkehrenden Besucher der Website zu erkennen und die Inhalte so anzupassen, dass sie seinen Vorlieben entsprechen.\n\n<h1>Cookies von Drittanbietern<\/h1>\n<strong> <\/strong>\n\nDabei handelt es sich um Cookies, die von externen Unternehmen verwendet und verwaltet werden, die Gojet Mallorca die von ihm angeforderten Dienstleistungen zur Verf\u00fcgung stellen, um die Website und die Nutzererfahrung beim Surfen auf der Website zu verbessern. Der Hauptzweck, f\u00fcr den Cookies von Dritten verwendet werden, ist die Erstellung von Zugriffsstatistiken und die Analyse von Navigationsinformationen, d.h. wie der Nutzer mit der Website interagiert.\n\nDie erhaltenen Informationen beziehen sich beispielsweise auf die Anzahl der besuchten Seiten, die Sprache, den Ort, auf den die IP-Adresse, von der aus der Nutzer zugreift, verweist, die Anzahl der Nutzer, die zugreifen, die H\u00e4ufigkeit und Wiederholung der Besuche, die Besuchszeit, den verwendeten Browser, den Betreiber oder die Art des Ger\u00e4ts, von dem aus der Besuch erfolgt ist. Diese Informationen werden verwendet, um die Website zu verbessern und neue Bed\u00fcrfnisse zu erkennen, um den Nutzern eine optimale Qualit\u00e4t der Inhalte und\/oder Dienstleistungen zu bieten. In jedem Fall werden die Informationen anonym gesammelt und Trendberichte der Website erstellt, ohne dass einzelne Nutzer identifiziert werden.\n\nWeitere Informationen \u00fcber Cookies, Informationen zum Schutz der Privatsph\u00e4re oder eine Beschreibung der Art der verwendeten Cookies, ihrer Hauptmerkmale, der Verfallszeit usw. finden Sie unter dem\/den folgenden Link(s):\n\nDie f\u00fcr die Bereitstellung von Cookies verantwortliche(n) Stelle(n) kann (k\u00f6nnen) diese Informationen an Dritte weitergeben, sofern dies gesetzlich vorgeschrieben ist oder wenn ein Dritter diese Informationen f\u00fcr diese Stellen verarbeitet.\n\n<h1>Cookies f\u00fcr soziale Medien<\/h1>\n<strong> <\/strong>\n\nGojet Mallorca verf\u00fcgt \u00fcber Plugins f\u00fcr soziale Medien, die den Zugang zu diesen von der Website aus erm\u00f6glichen. Aus diesem Grund k\u00f6nnen Cookies f\u00fcr soziale Medien im Browser des Nutzers gespeichert werden. Die Betreiber dieser Social-Media-Plattformen haben ihre eigenen Datenschutz- und Cookie-Richtlinien und sind in jedem Fall f\u00fcr ihre eigenen Dateien und Datenschutzpraktiken verantwortlich. Der Nutzer sollte sich dort \u00fcber diese Cookies und gegebenenfalls \u00fcber die Verarbeitung seiner personenbezogenen Daten informieren. Die Links, \u00fcber die diese Datenschutz- und\/oder Cookie-Richtlinien eingesehen werden k\u00f6nnen, werden im Folgenden nur zu Informationszwecken angegeben:\n\nFacebook: <a href=\"https:\/\/textos-legales.edgartamarit.com\/\" target=\"_blank\" rel=\"noopener\">https:\/\/www.facebook.com\/policies\/cookies\/<\/a> Twitter: <a href=\"https:\/\/textos-legales.edgartamarit.com\/\" target=\"_blank\" rel=\"noopener\">https:\/\/twitter.com\/es\/privacy<\/a>\n\nInstagram: <a href=\"https:\/\/textos-legales.edgartamarit.com\/\" target=\"_blank\" rel=\"noopener\">https:\/\/help.instagram.com\/1896641480634370?ref=ig<\/a> YouTube: <a href=\"https:\/\/textos-legales.edgartamarit.com\/\" target=\"_blank\" rel=\"noopener\">https:\/\/policies.google.com\/privacy?hl=es-419&amp;gl=mx<\/a> Pinterest: <a href=\"https:\/\/textos-legales.edgartamarit.com\/\" target=\"_blank\" rel=\"noopener\">https:\/\/policy.pinterest.com\/es\/privacy-policy<\/a>\n\nLinkedIn: <a href=\"https:\/\/textos-legales.edgartamarit.com\/\" target=\"_blank\" rel=\"noopener\">https:\/\/www.linkedin.com\/legal\/cookie-policy?trk=hp-cookies<\/a>\n\n<h1>Cookies deaktivieren, ablehnen und l\u00f6schen<\/h1>\n<strong> <\/strong>\n\nDer Nutzer kann die auf seinem Ger\u00e4t installierten Cookies \u00fcber die Einstellungen seines Browsers (z. B. Chrome, Firefox, Safari, Explorer) ganz oder teilweise deaktivieren, ablehnen oder l\u00f6schen. Die Verfahren zur Ablehnung und L\u00f6schung von Cookies k\u00f6nnen sich von einem Internet-Browser zum anderen unterscheiden. Daher muss der Nutzer die Anweisungen des von ihm verwendeten Internet-Browsers beachten. Wenn die Verwendung von Cookies ganz oder teilweise abgelehnt wird, kann der Nutzer die Website weiterhin nutzen, auch wenn die Nutzung einiger ihrer Funktionen eingeschr\u00e4nkt sein kann.\n\nDieses Dokument zur Cookie-Richtlinie wurde mit Hilfe des Vorlagengenerators auf <a href=\"https:\/\/textos-legales.edgartamarit.com\/\" target=\"_blank\" rel=\"noopener\">cookie policy<\/a> online am 13\/06\/2022 erstellt.\t\t\t\t\t\t\t\t<\/div>\n\t\t\t\t<\/div>\n\t\t\t\t\t<\/div>\n\t\t<\/div>\n\t\t\t\t\t<\/div>\n\t\t<\/section>\n\t\t\t\t<\/div>\n\t\t","protected":false},"excerpt":{"rendered":"<p>gojetmallorca.com Der Zugriff auf diese Website kann die Verwendung von Cookies beinhalten. Cookies sind kleine Informationsmengen, die in dem von jedem Nutzer verwendeten Browser gespeichert werden &#8211; und zwar auf verschiedenen Ger\u00e4ten, die er zum Surfen verwendet -, so dass sich der Server bestimmte Informationen merkt, die nur der Server, der sie implementiert hat, sp\u00e4ter [&hellip;]<\/p>\n","protected":false},"author":1,"featured_media":0,"parent":0,"menu_order":0,"comment_status":"closed","ping_status":"closed","template":"","meta":{"footnotes":""},"class_list":["post-9099","page","type-page","status-publish","hentry"],"yoast_head":"<!-- This site is optimized with the Yoast SEO plugin v25.8 - https:\/\/yoast.com\/wordpress\/plugins\/seo\/ -->\n<title>Cookie-Richtlinie - GoJet Mallorca<\/title>\n<meta name=\"robots\" content=\"noindex, nofollow\" \/>\n<meta property=\"og:locale\" content=\"de_DE\" \/>\n<meta property=\"og:type\" content=\"article\" \/>\n<meta property=\"og:title\" content=\"Cookie-Richtlinie - GoJet Mallorca\" \/>\n<meta property=\"og:description\" content=\"gojetmallorca.com Der Zugriff auf diese Website kann die Verwendung von Cookies beinhalten. Cookies sind kleine Informationsmengen, die in dem von jedem Nutzer verwendeten Browser gespeichert werden &#8211; und zwar auf verschiedenen Ger\u00e4ten, die er zum Surfen verwendet -, so dass sich der Server bestimmte Informationen merkt, die nur der Server, der sie implementiert hat, sp\u00e4ter [&hellip;]\" \/>\n<meta property=\"og:url\" content=\"https:\/\/gojetmallorca.com\/de\/cookie-richtlinie\/\" \/>\n<meta property=\"og:site_name\" content=\"GoJet Mallorca\" \/>\n<meta property=\"article:publisher\" content=\"https:\/\/www.facebook.com\/gojetskitours\" \/>\n<meta property=\"article:modified_time\" content=\"2024-05-30T07:49:58+00:00\" \/>\n<meta property=\"og:image\" content=\"https:\/\/gojetmallorca.com\/wp-content\/uploads\/2022\/05\/ANDRATX-1.jpg\" \/>\n\t<meta property=\"og:image:width\" content=\"1000\" \/>\n\t<meta property=\"og:image:height\" content=\"1250\" \/>\n\t<meta property=\"og:image:type\" content=\"image\/jpeg\" \/>\n<meta name=\"twitter:card\" content=\"summary_large_image\" \/>\n<script type=\"application\/ld+json\" class=\"yoast-schema-graph\">{\"@context\":\"https:\/\/schema.org\",\"@graph\":[{\"@type\":\"WebPage\",\"@id\":\"https:\/\/gojetmallorca.com\/de\/cookie-richtlinie\/\",\"url\":\"https:\/\/gojetmallorca.com\/de\/cookie-richtlinie\/\",\"name\":\"Cookie-Richtlinie - GoJet Mallorca\",\"isPartOf\":{\"@id\":\"https:\/\/gojetmallorca.com\/#website\"},\"datePublished\":\"2021-06-03T07:42:43+00:00\",\"dateModified\":\"2024-05-30T07:49:58+00:00\",\"breadcrumb\":{\"@id\":\"https:\/\/gojetmallorca.com\/de\/cookie-richtlinie\/#breadcrumb\"},\"inLanguage\":\"de\",\"potentialAction\":[{\"@type\":\"ReadAction\",\"target\":[\"https:\/\/gojetmallorca.com\/de\/cookie-richtlinie\/\"]}]},{\"@type\":\"BreadcrumbList\",\"@id\":\"https:\/\/gojetmallorca.com\/de\/cookie-richtlinie\/#breadcrumb\",\"itemListElement\":[{\"@type\":\"ListItem\",\"position\":1,\"name\":\"Portada\",\"item\":\"https:\/\/gojetmallorca.com\/de\/touren\/\"},{\"@type\":\"ListItem\",\"position\":2,\"name\":\"Cookie-Richtlinie\"}]},{\"@type\":\"WebSite\",\"@id\":\"https:\/\/gojetmallorca.com\/#website\",\"url\":\"https:\/\/gojetmallorca.com\/\",\"name\":\"GoJet Mallorca\",\"description\":\"JetSki Tours in Mallorca\",\"publisher\":{\"@id\":\"https:\/\/gojetmallorca.com\/#organization\"},\"potentialAction\":[{\"@type\":\"SearchAction\",\"target\":{\"@type\":\"EntryPoint\",\"urlTemplate\":\"https:\/\/gojetmallorca.com\/?s={search_term_string}\"},\"query-input\":{\"@type\":\"PropertyValueSpecification\",\"valueRequired\":true,\"valueName\":\"search_term_string\"}}],\"inLanguage\":\"de\"},{\"@type\":\"Organization\",\"@id\":\"https:\/\/gojetmallorca.com\/#organization\",\"name\":\"GoJet Mallorca\",\"url\":\"https:\/\/gojetmallorca.com\/\",\"logo\":{\"@type\":\"ImageObject\",\"inLanguage\":\"de\",\"@id\":\"https:\/\/gojetmallorca.com\/#\/schema\/logo\/image\/\",\"url\":\"https:\/\/gojetmallorca.com\/wp-content\/uploads\/2021\/07\/gojet-mallorca-logo.jpg\",\"contentUrl\":\"https:\/\/gojetmallorca.com\/wp-content\/uploads\/2021\/07\/gojet-mallorca-logo.jpg\",\"width\":350,\"height\":212,\"caption\":\"GoJet Mallorca\"},\"image\":{\"@id\":\"https:\/\/gojetmallorca.com\/#\/schema\/logo\/image\/\"},\"sameAs\":[\"https:\/\/www.facebook.com\/gojetskitours\",\"https:\/\/www.instagram.com\/gojetmallorca\/\"]}]}<\/script>\n<!-- \/ Yoast SEO plugin. -->","yoast_head_json":{"title":"Cookie-Richtlinie - GoJet Mallorca","robots":{"index":"noindex","follow":"nofollow"},"og_locale":"de_DE","og_type":"article","og_title":"Cookie-Richtlinie - GoJet Mallorca","og_description":"gojetmallorca.com Der Zugriff auf diese Website kann die Verwendung von Cookies beinhalten. Cookies sind kleine Informationsmengen, die in dem von jedem Nutzer verwendeten Browser gespeichert werden &#8211; und zwar auf verschiedenen Ger\u00e4ten, die er zum Surfen verwendet -, so dass sich der Server bestimmte Informationen merkt, die nur der Server, der sie implementiert hat, sp\u00e4ter [&hellip;]","og_url":"https:\/\/gojetmallorca.com\/de\/cookie-richtlinie\/","og_site_name":"GoJet Mallorca","article_publisher":"https:\/\/www.facebook.com\/gojetskitours","article_modified_time":"2024-05-30T07:49:58+00:00","og_image":[{"width":1000,"height":1250,"url":"https:\/\/gojetmallorca.com\/wp-content\/uploads\/2022\/05\/ANDRATX-1.jpg","type":"image\/jpeg"}],"twitter_card":"summary_large_image","schema":{"@context":"https:\/\/schema.org","@graph":[{"@type":"WebPage","@id":"https:\/\/gojetmallorca.com\/de\/cookie-richtlinie\/","url":"https:\/\/gojetmallorca.com\/de\/cookie-richtlinie\/","name":"Cookie-Richtlinie - GoJet Mallorca","isPartOf":{"@id":"https:\/\/gojetmallorca.com\/#website"},"datePublished":"2021-06-03T07:42:43+00:00","dateModified":"2024-05-30T07:49:58+00:00","breadcrumb":{"@id":"https:\/\/gojetmallorca.com\/de\/cookie-richtlinie\/#breadcrumb"},"inLanguage":"de","potentialAction":[{"@type":"ReadAction","target":["https:\/\/gojetmallorca.com\/de\/cookie-richtlinie\/"]}]},{"@type":"BreadcrumbList","@id":"https:\/\/gojetmallorca.com\/de\/cookie-richtlinie\/#breadcrumb","itemListElement":[{"@type":"ListItem","position":1,"name":"Portada","item":"https:\/\/gojetmallorca.com\/de\/touren\/"},{"@type":"ListItem","position":2,"name":"Cookie-Richtlinie"}]},{"@type":"WebSite","@id":"https:\/\/gojetmallorca.com\/#website","url":"https:\/\/gojetmallorca.com\/","name":"GoJet Mallorca","description":"JetSki Tours in Mallorca","publisher":{"@id":"https:\/\/gojetmallorca.com\/#organization"},"potentialAction":[{"@type":"SearchAction","target":{"@type":"EntryPoint","urlTemplate":"https:\/\/gojetmallorca.com\/?s={search_term_string}"},"query-input":{"@type":"PropertyValueSpecification","valueRequired":true,"valueName":"search_term_string"}}],"inLanguage":"de"},{"@type":"Organization","@id":"https:\/\/gojetmallorca.com\/#organization","name":"GoJet Mallorca","url":"https:\/\/gojetmallorca.com\/","logo":{"@type":"ImageObject","inLanguage":"de","@id":"https:\/\/gojetmallorca.com\/#\/schema\/logo\/image\/","url":"https:\/\/gojetmallorca.com\/wp-content\/uploads\/2021\/07\/gojet-mallorca-logo.jpg","contentUrl":"https:\/\/gojetmallorca.com\/wp-content\/uploads\/2021\/07\/gojet-mallorca-logo.jpg","width":350,"height":212,"caption":"GoJet Mallorca"},"image":{"@id":"https:\/\/gojetmallorca.com\/#\/schema\/logo\/image\/"},"sameAs":["https:\/\/www.facebook.com\/gojetskitours","https:\/\/www.instagram.com\/gojetmallorca\/"]}]}},"_links":{"self":[{"href":"https:\/\/gojetmallorca.com\/de\/wp-json\/wp\/v2\/pages\/9099","targetHints":{"allow":["GET"]}}],"collection":[{"href":"https:\/\/gojetmallorca.com\/de\/wp-json\/wp\/v2\/pages"}],"about":[{"href":"https:\/\/gojetmallorca.com\/de\/wp-json\/wp\/v2\/types\/page"}],"author":[{"embeddable":true,"href":"https:\/\/gojetmallorca.com\/de\/wp-json\/wp\/v2\/users\/1"}],"replies":[{"embeddable":true,"href":"https:\/\/gojetmallorca.com\/de\/wp-json\/wp\/v2\/comments?post=9099"}],"version-history":[{"count":0,"href":"https:\/\/gojetmallorca.com\/de\/wp-json\/wp\/v2\/pages\/9099\/revisions"}],"wp:attachment":[{"href":"https:\/\/gojetmallorca.com\/de\/wp-json\/wp\/v2\/media?parent=9099"}],"curies":[{"name":"wp","href":"https:\/\/api.w.org\/{rel}","templated":true}]}}