{"id":9109,"date":"2021-06-03T07:40:48","date_gmt":"2021-06-03T07:40:48","guid":{"rendered":"https:\/\/gojetmallorca.com\/rechtlicher-hinweis\/"},"modified":"2024-05-31T08:03:29","modified_gmt":"2024-05-31T08:03:29","slug":"rechtlicher-hinweis","status":"publish","type":"page","link":"https:\/\/gojetmallorca.com\/de\/rechtlicher-hinweis\/","title":{"rendered":"Rechtlicher Hinweis"},"content":{"rendered":"\t\t<div data-elementor-type=\"wp-page\" data-elementor-id=\"9109\" class=\"elementor elementor-9109 elementor-6930\" data-elementor-post-type=\"page\">\n\t\t\t\t\t\t<section class=\"elementor-section elementor-top-section elementor-element elementor-element-86a1ba1 elementor-section-boxed elementor-section-height-default elementor-section-height-default\" data-id=\"86a1ba1\" data-element_type=\"section\">\n\t\t\t\t\t\t<div class=\"elementor-container elementor-column-gap-default\">\n\t\t\t\t\t<div class=\"elementor-column elementor-col-100 elementor-top-column elementor-element elementor-element-6bf4e17\" data-id=\"6bf4e17\" data-element_type=\"column\">\n\t\t\t<div class=\"elementor-widget-wrap elementor-element-populated\">\n\t\t\t\t\t\t<div class=\"elementor-element elementor-element-f4b7776 elementor-widget elementor-widget-heading\" data-id=\"f4b7776\" data-element_type=\"widget\" data-widget_type=\"heading.default\">\n\t\t\t\t<div class=\"elementor-widget-container\">\n\t\t\t\t\t<h1 class=\"elementor-heading-title elementor-size-default\">Rechtlicher Hinweis<\/h1>\t\t\t\t<\/div>\n\t\t\t\t<\/div>\n\t\t\t\t<div class=\"elementor-element elementor-element-cb0375e elementor-widget elementor-widget-text-editor\" data-id=\"cb0375e\" data-element_type=\"widget\" data-widget_type=\"text-editor.default\">\n\t\t\t\t<div class=\"elementor-widget-container\">\n\t\t\t\t\t\t\t\t\tGem\u00e4\u00df der im Gesetz 34\/2002 \u00fcber die Dienstleistungen der Informationsgesellschaft und den elektronischen Handel (LSSI-CE) vom 11. Juli festgelegten Informationspflicht werden die folgenden allgemeinen Informationen \u00fcber diese Website bereitgestellt:\n\nDas Eigentum an dieser Website, <a href=\"https:\/\/gojetmallorca.com\/de\/\">gojetmallorca.com<\/a> (im Folgenden die Website), liegt bei: Gojet Service SCP, mit NIF: J16563447 und eingetragen im Handelsregister von Inca mit den folgenden Registrierungsdaten: dessen Vertreter Vicente Navarro Morcillo ist und dessen Kontaktdaten lauten:\n\nAnschrift: Teodoro Canet 12, local 2\nKontakt Telefon: 669002719\nE-Mail-Kontakt: <a href=\"mailto:info@gojetmallorca.com\">info@gojetmallorca.com<\/a>\n\n<h1>II. ALLGEMEINE NUTZUNGSBEDINGUNGEN<\/h1>\n<h2>Zweck der Bedingungen: Die Website<\/h2>\n\nDer Zweck dieser Allgemeinen Nutzungsbedingungen (im Folgenden \u201eBedingungen\u201c) besteht darin, den Zugang und die Nutzung der Website zu regeln. Im Sinne der vorliegenden Bedingungen sind unter der Website zu verstehen: das \u00e4u\u00dfere Erscheinungsbild der Bildschirmoberfl\u00e4chen, sowohl statisch als auch dynamisch, d.h. der Navigationsbaum, und alle Elemente, die sowohl in die Bildschirmoberfl\u00e4chen als auch in den Navigationsbaum integriert sind (nachstehend \u201eInhalte\u201c), sowie alle Online-Dienste oder Ressourcen, die den Nutzern angeboten werden k\u00f6nnen (nachstehend \u201eDienste\u201c).\n\nGojet Mallorca beh\u00e4lt sich das Recht vor, jederzeit und ohne Vorank\u00fcndigung die Pr\u00e4sentation und Konfiguration der Website sowie den Inhalt und die Dienstleistungen, die darin enthalten sein k\u00f6nnen, zu \u00e4ndern. Der Nutzer nimmt zur Kenntnis und akzeptiert, dass Gojet Mallorca jederzeit diese in die Website integrierten Elemente oder den Zugang zu ihnen unterbrechen, deaktivieren und\/oder l\u00f6schen kann.\n\nDer Zugriff des Nutzers auf die Website ist kostenlos und erfolgt in der Regel kostenlos, ohne dass der Nutzer daf\u00fcr eine Gegenleistung erbringen muss, mit Ausnahme der Kosten f\u00fcr die Verbindung \u00fcber das Telekommunikationsnetz, die von dem vom Nutzer beauftragten Zugangsanbieter bereitgestellt werden.\n\nDie Nutzung der Inhalte oder Dienste der Website kann durch ein Abonnement oder eine vorherige Registrierung des Nutzers erfolgen.\n\n<h2>Der Benutzer<\/h2>\n\nDer Zugang, das Durchsuchen und die Nutzung der Website sowie der Bereiche, die eine Interaktion zwischen den Nutzern, dem Nutzer und Gojet Mallorca erm\u00f6glichen, wie z.B. Kommentare und\/oder Blogging-Bereiche, verleihen den Status eines Nutzers, f\u00fcr den alle hier aufgef\u00fchrten Bedingungen sowie deren sp\u00e4tere \u00c4nderungen von Beginn des Durchsuchens der Website an akzeptiert werden, unbeschadet der Anwendung der entsprechenden zwingenden gesetzlichen Bestimmungen, je nach Fall. In Anbetracht der Bedeutung der oben genannten Punkte wird dem Nutzer empfohlen, sie bei jedem Besuch der Website zu lesen.\n\nDie Website von Gojet Mallorca bietet eine Vielzahl von Informationen, Dienstleistungen und Daten. Der Nutzer \u00fcbernimmt die Verantwortung f\u00fcr die ordnungsgem\u00e4\u00dfe Nutzung der Website. Diese Verantwortung erstreckt sich auf:\n\n&#8211; Die Nutzung der von Gojet Mallorca angebotenen Informationen, Inhalte und\/oder Dienstleistungen und Daten, die nicht gegen die vorliegenden Bedingungen, das Gesetz, die Moral oder die \u00f6ffentliche Ordnung versto\u00dfen oder in sonstiger Weise die Rechte Dritter oder den Betrieb der Website verletzen.\n&#8211; Die Wahrhaftigkeit und Rechtm\u00e4\u00dfigkeit der Informationen, die der Nutzer in den von Gojet Mallorca f\u00fcr den Zugang zu bestimmten Inhalten oder Dienstleistungen auf der Website bereitgestellten Formularen angibt. In jedem Fall wird der Nutzer Gojet Mallorca unverz\u00fcglich \u00fcber jeden Umstand informieren, der den Missbrauch der in diesen Formularen registrierten Daten erm\u00f6glicht, wie z.B. Diebstahl, Verlust oder unbefugter Zugriff auf Kennungen und\/oder Passw\u00f6rter, um deren sofortige L\u00f6schung zu veranlassen.\n&#8211; Gojet Mallorca beh\u00e4lt sich das Recht vor, alle Kommentare und Beitr\u00e4ge zur\u00fcckzuziehen, die gegen das Gesetz oder die Achtung der Menschenw\u00fcrde versto\u00dfen, die diskriminierend, fremdenfeindlich, rassistisch, pornografisch oder spammend sind, die die Jugend oder das Kind, die \u00f6ffentliche Ordnung oder die Sicherheit bedrohen oder die seiner Meinung nach nicht zur Ver\u00f6ffentlichung geeignet sind.\n&#8211; In jedem Fall ist Gojet Mallorca nicht verantwortlich f\u00fcr die Meinungen, die von den Nutzern durch Kommentare oder andere Blogging- oder Partizipationstools ge\u00e4u\u00dfert werden, die zur Verf\u00fcgung stehen.\n&#8211; Der blo\u00dfe Zugriff auf diese Website stellt keinerlei Gesch\u00e4ftsbeziehung zwischen Gojet Mallorca und dem Nutzer dar.\n&#8211; In \u00dcbereinstimmung mit der geltenden Gesetzgebung richtet sich diese Website von Gojet Mallorca an alle Personen, unabh\u00e4ngig von ihrem Alter, die auf die Seiten der Website zugreifen und\/oder diese durchsuchen k\u00f6nnen.\n\n<h1>III. ZUGANG UND NAVIGATION AUF DER WEBSITE: AUSSCHLUSS VON GARANTIEN UND HAFTUNG<\/h1>\n\nGojet Mallorca \u00fcbernimmt keine Garantie f\u00fcr die Kontinuit\u00e4t, Verf\u00fcgbarkeit und N\u00fctzlichkeit der Website, des Inhalts oder der Dienstleistungen. Gojet Mallorca wird sein Bestes tun, um das ordnungsgem\u00e4\u00dfe Funktionieren der Website, aber es ist nicht verantwortlich f\u00fcr oder garantiert, dass der Zugang zu dieser Website wird nicht ununterbrochen oder fehlerfrei.\n\nSie ist auch nicht daf\u00fcr verantwortlich oder garantiert, dass der Inhalt oder die Software, auf die \u00fcber diese Website zugegriffen werden kann, frei von Fehlern ist oder Sch\u00e4den am Computersystem (Software und Hardware) des Nutzers verursacht. Gojet Mallorca haftet in keinem Fall f\u00fcr Verluste, Sch\u00e4den oder Beeintr\u00e4chtigungen jeglicher Art, die sich aus dem Zugang, der Navigation und der Nutzung der Website ergeben, einschlie\u00dflich, aber nicht beschr\u00e4nkt auf solche, die an Computersystemen oder durch die Einf\u00fchrung von Viren entstehen.\n\nGojet Mallorca haftet auch nicht f\u00fcr Sch\u00e4den, die den Nutzern durch unsachgem\u00e4\u00dfe Nutzung dieser Website entstehen k\u00f6nnen. Insbesondere haftet sie in keiner Weise f\u00fcr eventuelle Ausf\u00e4lle, Unterbrechungen, fehlende oder mangelhafte Telekommunikationsverbindungen, die auftreten k\u00f6nnen.\n\n<h1>IV. VERBINDUNGSPOLITIK<\/h1>\n\nEs wird darauf hingewiesen, dass die Gojet Mallorca Website den Nutzern Mittel zur Verkn\u00fcpfung (wie z.B. Links, Banner, Schaltfl\u00e4chen), Verzeichnisse und Suchmaschinen zur Verf\u00fcgung stellt oder stellen kann, die den Nutzern den Zugang zu Websites erm\u00f6glichen, die Dritten geh\u00f6ren und\/oder von diesen verwaltet werden.\n\nDie Einrichtung dieser Links, Verzeichnisse und Suchmaschinen auf der Website soll den Nutzern die Suche nach und den Zugang zu den im Internet verf\u00fcgbaren Informationen erleichtern, ohne dass dies als Vorschlag, Empfehlung oder Aufforderung zum Besuch derselben zu verstehen ist.\n\nGojet Mallorca bietet oder vermarktet weder selbst noch \u00fcber Dritte die auf solchen verlinkten Seiten verf\u00fcgbaren Produkte und\/oder Dienstleistungen.\n\nEbenso wenig garantiert sie die technische Verf\u00fcgbarkeit, die Genauigkeit, den Wahrheitsgehalt, die G\u00fcltigkeit oder die Rechtm\u00e4\u00dfigkeit von Websites au\u00dferhalb ihres Eigentums, auf die \u00fcber die Links zugegriffen werden kann.\n\nGojet Mallorca wird in keinem Fall den Inhalt anderer Websites \u00fcberpr\u00fcfen oder kontrollieren, sowie die Produkte und Dienstleistungen, Inhalte, Dateien und jegliches andere Material, das auf den verlinkten Websites vorhanden ist, nicht genehmigen, pr\u00fcfen oder sich zu eigen machen.\n\nGojet Mallorca \u00fcbernimmt keine Verantwortung f\u00fcr Sch\u00e4den, die aus dem Zugang, der Nutzung, der Qualit\u00e4t oder der Rechtm\u00e4\u00dfigkeit des Inhalts, der Kommunikation, der Meinungen, der Produkte und der Dienstleistungen von Websites entstehen, die nicht von Gojet Mallorca verwaltet werden und die mit dieser Website verlinkt sind.\n\nDer Nutzer oder ein Dritter, der einen Hyperlink von einer anderen Website auf die Website von Gojet Mallorca setzt, sollte sich dessen bewusst sein, dass:\n\nThe user or a third party who places a hyperlink from another website to the Gojet Mallorca website should be aware that:\n&#8211; Es sind keine falschen, ungenauen oder inkorrekten Aussagen \u00fcber die Gojet Mallorca Website oder \u00fcber deren Inhalt und\/oder Dienstleistungen erlaubt.\n&#8211; Mit Ausnahme des Hyperlinks enth\u00e4lt die Website, auf der ein solcher Hyperlink eingerichtet ist, keine Elemente dieser Website, die nach spanischem Recht als geistiges Eigentum gesch\u00fctzt sind, es sei denn, Gojet Mallorca hat dies ausdr\u00fccklich genehmigt.\n&#8211; Die Einrichtung des Hyperlinks impliziert weder das Bestehen einer Beziehung zwischen Gojet Mallorca und dem Eigent\u00fcmer der Website, von der er ausgeht, noch die Kenntnis und Akzeptanz der Inhalte, Dienstleistungen und\/oder Aktivit\u00e4ten, die auf der genannten Website angeboten werden, durch Gojet Mallorca und umgekehrt.\n\n<h1>V. GEISTIGES UND GEWERBLICHES EIGENTUM<\/h1>\n\nGojet Mallorca ist selbst oder als Bevollm\u00e4chtigter Eigent\u00fcmer aller geistigen und gewerblichen Eigentumsrechte der Website sowie der darin enthaltenen Elemente (z.B. und ohne Anspruch auf Vollst\u00e4ndigkeit: Bilder, Ton, Audio, Video, Software oder Texte, Marken oder Logos, Farbkombinationen, Struktur und Design, Auswahl der verwendeten Materialien, Computerprogramme, die f\u00fcr den Betrieb, den Zugang und die Nutzung der Website erforderlich sind, usw.). Daher werden sie als Werke des geistigen Eigentums durch das spanische Rechtssystem gesch\u00fctzt, wobei sowohl die spanischen und gemeinschaftlichen Vorschriften in diesem Bereich als auch die von Spanien unterzeichneten internationalen Vertr\u00e4ge in diesem Bereich gelten.\n\nAlle Rechte vorbehalten. Gem\u00e4\u00df den Bestimmungen des Gesetzes zum Schutz des geistigen Eigentums sind die Vervielf\u00e4ltigung, die Verbreitung und die \u00f6ffentliche Wiedergabe, einschlie\u00dflich der Art der Bereitstellung, des gesamten oder eines Teils des Inhalts dieser Webseite zu kommerziellen Zwecken in jedem Medium und mit jedem technischen Mittel ohne die Genehmigung von Gojet Mallorca ausdr\u00fccklich verboten.\n\nDer Nutzer verpflichtet sich, die geistigen und gewerblichen Eigentumsrechte von Gojet Mallorca zu respektieren. Sie d\u00fcrfen die Elemente der Website ansehen oder sogar ausdrucken, kopieren und auf der Festplatte Ihres Computers oder einem anderen physischen Medium speichern, solange dies ausschlie\u00dflich f\u00fcr Ihren pers\u00f6nlichen Gebrauch geschieht. Der Nutzer darf jedoch keine Schutzvorrichtungen oder Sicherheitssysteme, die auf der Website installiert wurden, entfernen, ver\u00e4ndern oder manipulieren.\n\nSollte der Nutzer oder ein Dritter der Ansicht sein, dass einer der Inhalte der Website eine Verletzung der Rechte zum Schutz des geistigen Eigentums darstellt, muss er Gojet Mallorca unverz\u00fcglich \u00fcber die Kontaktdaten im Abschnitt ALLGEMEINE INFORMATIONEN dieser rechtlichen Hinweise und allgemeinen Nutzungsbedingungen informieren.\n\n<h1>VI. KLAGEN, ANWENDBARES RECHT UND GERICHTSBARKEIT<\/h1>\n\nGojet Mallorca beh\u00e4lt sich das Recht vor, zivil- oder strafrechtliche Schritte einzuleiten, die es f\u00fcr die missbr\u00e4uchliche Nutzung der Website und der Inhalte oder f\u00fcr die Verletzung der vorliegenden Bedingungen f\u00fcr erforderlich h\u00e4lt.\n\nDie Beziehung zwischen dem Nutzer und Gojet Mallorca unterliegt den geltenden und auf spanischem Gebiet anwendbaren Vorschriften. Sollte es zu Streitigkeiten \u00fcber die Auslegung und\/oder Anwendung dieser Bedingungen kommen, werden die Parteien ihre Streitigkeiten\n\n der ordentlichen Gerichtsbarkeit, die sich den Richtern und Gerichten unterwirft, die dem Gesetz entsprechen.\n\nDieses Dokument der rechtlichen Hinweise und der allgemeinen Nutzungsbedingungen der Website wurde mit Hilfe des Online-Generators f\u00fcr rechtliche Hinweise und Nutzungsbedingungen am 13. Juni 2022 erstellt.\t\t\t\t\t\t\t\t<\/div>\n\t\t\t\t<\/div>\n\t\t\t\t\t<\/div>\n\t\t<\/div>\n\t\t\t\t\t<\/div>\n\t\t<\/section>\n\t\t\t\t<\/div>\n\t\t","protected":false},"excerpt":{"rendered":"<p>Gem\u00e4\u00df der im Gesetz 34\/2002 \u00fcber die Dienstleistungen der Informationsgesellschaft und den elektronischen Handel (LSSI-CE) vom 11. Juli festgelegten Informationspflicht werden die folgenden allgemeinen Informationen \u00fcber diese Website bereitgestellt: Das Eigentum an dieser Website, gojetmallorca.com (im Folgenden die Website), liegt bei: Gojet Service SCP, mit NIF: J16563447 und eingetragen im Handelsregister von Inca mit den [&hellip;]<\/p>\n","protected":false},"author":1,"featured_media":0,"parent":0,"menu_order":0,"comment_status":"closed","ping_status":"closed","template":"","meta":{"footnotes":""},"class_list":["post-9109","page","type-page","status-publish","hentry"],"yoast_head":"<!-- This site is optimized with the Yoast SEO plugin v25.8 - https:\/\/yoast.com\/wordpress\/plugins\/seo\/ -->\n<title>Rechtlicher Hinweis - GoJet Mallorca<\/title>\n<meta name=\"robots\" content=\"noindex, nofollow\" \/>\n<meta property=\"og:locale\" content=\"de_DE\" \/>\n<meta property=\"og:type\" content=\"article\" \/>\n<meta property=\"og:title\" content=\"Rechtlicher Hinweis - GoJet Mallorca\" \/>\n<meta property=\"og:description\" content=\"Gem\u00e4\u00df der im Gesetz 34\/2002 \u00fcber die Dienstleistungen der Informationsgesellschaft und den elektronischen Handel (LSSI-CE) vom 11. Juli festgelegten Informationspflicht werden die folgenden allgemeinen Informationen \u00fcber diese Website bereitgestellt: Das Eigentum an dieser Website, gojetmallorca.com (im Folgenden die Website), liegt bei: Gojet Service SCP, mit NIF: J16563447 und eingetragen im Handelsregister von Inca mit den [&hellip;]\" \/>\n<meta property=\"og:url\" content=\"https:\/\/gojetmallorca.com\/de\/rechtlicher-hinweis\/\" \/>\n<meta property=\"og:site_name\" content=\"GoJet Mallorca\" \/>\n<meta property=\"article:publisher\" content=\"https:\/\/www.facebook.com\/gojetskitours\" \/>\n<meta property=\"article:modified_time\" content=\"2024-05-31T08:03:29+00:00\" \/>\n<meta property=\"og:image\" content=\"https:\/\/gojetmallorca.com\/wp-content\/uploads\/2022\/05\/ANDRATX-1.jpg\" \/>\n\t<meta property=\"og:image:width\" content=\"1000\" \/>\n\t<meta property=\"og:image:height\" content=\"1250\" \/>\n\t<meta property=\"og:image:type\" content=\"image\/jpeg\" \/>\n<meta name=\"twitter:card\" content=\"summary_large_image\" \/>\n<script type=\"application\/ld+json\" class=\"yoast-schema-graph\">{\"@context\":\"https:\/\/schema.org\",\"@graph\":[{\"@type\":\"WebPage\",\"@id\":\"https:\/\/gojetmallorca.com\/de\/rechtlicher-hinweis\/\",\"url\":\"https:\/\/gojetmallorca.com\/de\/rechtlicher-hinweis\/\",\"name\":\"Rechtlicher Hinweis - GoJet Mallorca\",\"isPartOf\":{\"@id\":\"https:\/\/gojetmallorca.com\/#website\"},\"datePublished\":\"2021-06-03T07:40:48+00:00\",\"dateModified\":\"2024-05-31T08:03:29+00:00\",\"breadcrumb\":{\"@id\":\"https:\/\/gojetmallorca.com\/de\/rechtlicher-hinweis\/#breadcrumb\"},\"inLanguage\":\"de\",\"potentialAction\":[{\"@type\":\"ReadAction\",\"target\":[\"https:\/\/gojetmallorca.com\/de\/rechtlicher-hinweis\/\"]}]},{\"@type\":\"BreadcrumbList\",\"@id\":\"https:\/\/gojetmallorca.com\/de\/rechtlicher-hinweis\/#breadcrumb\",\"itemListElement\":[{\"@type\":\"ListItem\",\"position\":1,\"name\":\"Portada\",\"item\":\"https:\/\/gojetmallorca.com\/de\/touren\/\"},{\"@type\":\"ListItem\",\"position\":2,\"name\":\"Rechtlicher Hinweis\"}]},{\"@type\":\"WebSite\",\"@id\":\"https:\/\/gojetmallorca.com\/#website\",\"url\":\"https:\/\/gojetmallorca.com\/\",\"name\":\"GoJet Mallorca\",\"description\":\"JetSki Tours in Mallorca\",\"publisher\":{\"@id\":\"https:\/\/gojetmallorca.com\/#organization\"},\"potentialAction\":[{\"@type\":\"SearchAction\",\"target\":{\"@type\":\"EntryPoint\",\"urlTemplate\":\"https:\/\/gojetmallorca.com\/?s={search_term_string}\"},\"query-input\":{\"@type\":\"PropertyValueSpecification\",\"valueRequired\":true,\"valueName\":\"search_term_string\"}}],\"inLanguage\":\"de\"},{\"@type\":\"Organization\",\"@id\":\"https:\/\/gojetmallorca.com\/#organization\",\"name\":\"GoJet Mallorca\",\"url\":\"https:\/\/gojetmallorca.com\/\",\"logo\":{\"@type\":\"ImageObject\",\"inLanguage\":\"de\",\"@id\":\"https:\/\/gojetmallorca.com\/#\/schema\/logo\/image\/\",\"url\":\"https:\/\/gojetmallorca.com\/wp-content\/uploads\/2021\/07\/gojet-mallorca-logo.jpg\",\"contentUrl\":\"https:\/\/gojetmallorca.com\/wp-content\/uploads\/2021\/07\/gojet-mallorca-logo.jpg\",\"width\":350,\"height\":212,\"caption\":\"GoJet Mallorca\"},\"image\":{\"@id\":\"https:\/\/gojetmallorca.com\/#\/schema\/logo\/image\/\"},\"sameAs\":[\"https:\/\/www.facebook.com\/gojetskitours\",\"https:\/\/www.instagram.com\/gojetmallorca\/\"]}]}<\/script>\n<!-- \/ Yoast SEO plugin. -->","yoast_head_json":{"title":"Rechtlicher Hinweis - GoJet Mallorca","robots":{"index":"noindex","follow":"nofollow"},"og_locale":"de_DE","og_type":"article","og_title":"Rechtlicher Hinweis - GoJet Mallorca","og_description":"Gem\u00e4\u00df der im Gesetz 34\/2002 \u00fcber die Dienstleistungen der Informationsgesellschaft und den elektronischen Handel (LSSI-CE) vom 11. Juli festgelegten Informationspflicht werden die folgenden allgemeinen Informationen \u00fcber diese Website bereitgestellt: Das Eigentum an dieser Website, gojetmallorca.com (im Folgenden die Website), liegt bei: Gojet Service SCP, mit NIF: J16563447 und eingetragen im Handelsregister von Inca mit den [&hellip;]","og_url":"https:\/\/gojetmallorca.com\/de\/rechtlicher-hinweis\/","og_site_name":"GoJet Mallorca","article_publisher":"https:\/\/www.facebook.com\/gojetskitours","article_modified_time":"2024-05-31T08:03:29+00:00","og_image":[{"width":1000,"height":1250,"url":"https:\/\/gojetmallorca.com\/wp-content\/uploads\/2022\/05\/ANDRATX-1.jpg","type":"image\/jpeg"}],"twitter_card":"summary_large_image","schema":{"@context":"https:\/\/schema.org","@graph":[{"@type":"WebPage","@id":"https:\/\/gojetmallorca.com\/de\/rechtlicher-hinweis\/","url":"https:\/\/gojetmallorca.com\/de\/rechtlicher-hinweis\/","name":"Rechtlicher Hinweis - GoJet Mallorca","isPartOf":{"@id":"https:\/\/gojetmallorca.com\/#website"},"datePublished":"2021-06-03T07:40:48+00:00","dateModified":"2024-05-31T08:03:29+00:00","breadcrumb":{"@id":"https:\/\/gojetmallorca.com\/de\/rechtlicher-hinweis\/#breadcrumb"},"inLanguage":"de","potentialAction":[{"@type":"ReadAction","target":["https:\/\/gojetmallorca.com\/de\/rechtlicher-hinweis\/"]}]},{"@type":"BreadcrumbList","@id":"https:\/\/gojetmallorca.com\/de\/rechtlicher-hinweis\/#breadcrumb","itemListElement":[{"@type":"ListItem","position":1,"name":"Portada","item":"https:\/\/gojetmallorca.com\/de\/touren\/"},{"@type":"ListItem","position":2,"name":"Rechtlicher Hinweis"}]},{"@type":"WebSite","@id":"https:\/\/gojetmallorca.com\/#website","url":"https:\/\/gojetmallorca.com\/","name":"GoJet Mallorca","description":"JetSki Tours in Mallorca","publisher":{"@id":"https:\/\/gojetmallorca.com\/#organization"},"potentialAction":[{"@type":"SearchAction","target":{"@type":"EntryPoint","urlTemplate":"https:\/\/gojetmallorca.com\/?s={search_term_string}"},"query-input":{"@type":"PropertyValueSpecification","valueRequired":true,"valueName":"search_term_string"}}],"inLanguage":"de"},{"@type":"Organization","@id":"https:\/\/gojetmallorca.com\/#organization","name":"GoJet Mallorca","url":"https:\/\/gojetmallorca.com\/","logo":{"@type":"ImageObject","inLanguage":"de","@id":"https:\/\/gojetmallorca.com\/#\/schema\/logo\/image\/","url":"https:\/\/gojetmallorca.com\/wp-content\/uploads\/2021\/07\/gojet-mallorca-logo.jpg","contentUrl":"https:\/\/gojetmallorca.com\/wp-content\/uploads\/2021\/07\/gojet-mallorca-logo.jpg","width":350,"height":212,"caption":"GoJet Mallorca"},"image":{"@id":"https:\/\/gojetmallorca.com\/#\/schema\/logo\/image\/"},"sameAs":["https:\/\/www.facebook.com\/gojetskitours","https:\/\/www.instagram.com\/gojetmallorca\/"]}]}},"_links":{"self":[{"href":"https:\/\/gojetmallorca.com\/de\/wp-json\/wp\/v2\/pages\/9109","targetHints":{"allow":["GET"]}}],"collection":[{"href":"https:\/\/gojetmallorca.com\/de\/wp-json\/wp\/v2\/pages"}],"about":[{"href":"https:\/\/gojetmallorca.com\/de\/wp-json\/wp\/v2\/types\/page"}],"author":[{"embeddable":true,"href":"https:\/\/gojetmallorca.com\/de\/wp-json\/wp\/v2\/users\/1"}],"replies":[{"embeddable":true,"href":"https:\/\/gojetmallorca.com\/de\/wp-json\/wp\/v2\/comments?post=9109"}],"version-history":[{"count":0,"href":"https:\/\/gojetmallorca.com\/de\/wp-json\/wp\/v2\/pages\/9109\/revisions"}],"wp:attachment":[{"href":"https:\/\/gojetmallorca.com\/de\/wp-json\/wp\/v2\/media?parent=9109"}],"curies":[{"name":"wp","href":"https:\/\/api.w.org\/{rel}","templated":true}]}}