{"id":8866,"date":"2021-05-17T10:58:10","date_gmt":"2021-05-17T10:58:10","guid":{"rendered":"https:\/\/gojetmallorca.com\/sobre-nosotros\/"},"modified":"2024-06-27T07:20:57","modified_gmt":"2024-06-27T07:20:57","slug":"sobre-nosotros","status":"publish","type":"page","link":"https:\/\/gojetmallorca.com\/es\/sobre-nosotros\/","title":{"rendered":"Sobre nosotros"},"content":{"rendered":"\t\t<div data-elementor-type=\"wp-page\" data-elementor-id=\"8866\" class=\"elementor elementor-8866 elementor-1071\" data-elementor-post-type=\"page\">\n\t\t\t\t<div class=\"elementor-element elementor-element-e82d684 e-con-full e-flex e-con e-parent\" data-id=\"e82d684\" data-element_type=\"container\" data-settings=\"{&quot;background_background&quot;:&quot;classic&quot;}\">\n\t\t\t\t<div class=\"elementor-element elementor-element-405e126 elementor-widget__width-inherit elementor-widget-mobile__width-inherit elementor-invisible elementor-widget elementor-widget-heading\" data-id=\"405e126\" data-element_type=\"widget\" data-settings=\"{&quot;_animation&quot;:&quot;fadeInDown&quot;}\" data-widget_type=\"heading.default\">\n\t\t\t\t<div class=\"elementor-widget-container\">\n\t\t\t\t\t<h1 class=\"elementor-heading-title elementor-size-default\">NUESTROS OR\u00cdGENES<\/h1>\t\t\t\t<\/div>\n\t\t\t\t<\/div>\n\t\t\t\t<\/div>\n\t\t<div class=\"elementor-element elementor-element-2ac8569 e-con-full e-flex e-con e-child\" data-id=\"2ac8569\" data-element_type=\"container\">\n\t\t<div class=\"elementor-element elementor-element-9d36455 e-con-full shadow__4 e-flex e-con e-child\" data-id=\"9d36455\" data-element_type=\"container\" data-settings=\"{&quot;background_background&quot;:&quot;classic&quot;}\">\n\t\t\t\t<\/div>\n\t\t<div class=\"elementor-element elementor-element-9a165fc e-con-full shadow__4 e-flex e-con e-child\" data-id=\"9a165fc\" data-element_type=\"container\" data-settings=\"{&quot;background_background&quot;:&quot;classic&quot;}\">\n\t\t\t\t<\/div>\n\t\t<div class=\"elementor-element elementor-element-33e1749 e-con-full shadow__4 e-flex e-con e-child\" data-id=\"33e1749\" data-element_type=\"container\" data-settings=\"{&quot;background_background&quot;:&quot;classic&quot;}\">\n\t\t\t\t<\/div>\n\t\t\t\t<\/div>\n\t\t<div class=\"elementor-element elementor-element-201c2f8 e-flex e-con-boxed e-con e-parent\" data-id=\"201c2f8\" data-element_type=\"container\">\n\t\t\t\t\t<div class=\"e-con-inner\">\n\t\t\t\t<div class=\"elementor-element elementor-element-ca25b1e elementor-widget elementor-widget-heading\" data-id=\"ca25b1e\" data-element_type=\"widget\" data-widget_type=\"heading.default\">\n\t\t\t\t<div class=\"elementor-widget-container\">\n\t\t\t\t\t<h2 class=\"elementor-heading-title elementor-size-default\">Gojet Service, una empresa fundada por un grupo de 2 amigos en 2019 durante un viaje a Bali.<\/h2>\t\t\t\t<\/div>\n\t\t\t\t<\/div>\n\t\t\t\t<div class=\"elementor-element elementor-element-102c48d elementor-widget elementor-widget-text-editor\" data-id=\"102c48d\" data-element_type=\"widget\" data-widget_type=\"text-editor.default\">\n\t\t\t\t<div class=\"elementor-widget-container\">\n\t\t\t\t\t\t\t\t\t<p>El nombre Gojet surgi\u00f3 a partir de la aplicaci\u00f3n \u00abGojek\u00bb, una aplicaci\u00f3n utilizada para la recogida y traslado de clientes en moto en Bali.<\/p>\n<p><strong class=\"strong-about\">Llevamos esta idea al mundo de las<\/strong> motos acu\u00e1ticas y creamos Gojet, una empresa dedicada al transporte y mantenimiento de motos acu\u00e1ticas.<\/p>\n<\/p>\n<p>En <strong class=\"strong-about\">2021<\/strong> Gojet decide introducir el alquiler de motos acu\u00e1ticas con instructores mediante excursiones programadas con una nueva flota de 5 motos acu\u00e1ticas.<\/p>\n<\/p>\n<p>En <strong class=\"strong-about\">2022<\/strong>, como est\u00e1bamos creciendo mucho, la flota aument\u00f3 en Alc\u00fadia de 8 motos de agua y de 4 en Andratx, junto con lanchas y una lancha r\u00e1pida.<\/p>\n<\/p>\n<p>En <strong class=\"strong-about\">2023<\/strong> la flota de motos acu\u00e1ticas aument\u00f3 a 19 en Alc\u00fadia y 10 en Ca&#8217;n Picafort.<\/p>\n\t\t\t\t\t\t\t\t<\/div>\n\t\t\t\t<\/div>\n\t\t\t\t<div class=\"elementor-element elementor-element-d9516ea elementor-widget elementor-widget-heading\" data-id=\"d9516ea\" data-element_type=\"widget\" data-widget_type=\"heading.default\">\n\t\t\t\t<div class=\"elementor-widget-container\">\n\t\t\t\t\t<span class=\"elementor-heading-title elementor-size-default\">Nosotros nos encargamos de ello; \u00a1t\u00fa s\u00f3lo conc\u00e9ntrate en divertirte!<\/span>\t\t\t\t<\/div>\n\t\t\t\t<\/div>\n\t\t\t\t\t<\/div>\n\t\t\t\t<\/div>\n\t\t<div class=\"elementor-element elementor-element-4d31abe e-con-full faq e-flex e-con e-parent\" data-id=\"4d31abe\" data-element_type=\"container\">\n\t\t\t\t<div class=\"elementor-element elementor-element-a410765 elementor-widget elementor-widget-spacer\" data-id=\"a410765\" data-element_type=\"widget\" data-widget_type=\"spacer.default\">\n\t\t\t\t<div class=\"elementor-widget-container\">\n\t\t\t\t\t\t\t<div class=\"elementor-spacer\">\n\t\t\t<div class=\"elementor-spacer-inner\"><\/div>\n\t\t<\/div>\n\t\t\t\t\t\t<\/div>\n\t\t\t\t<\/div>\n\t\t<div class=\"elementor-element elementor-element-25f95b1 e-con-full shadow__6 e-flex e-con e-child\" data-id=\"25f95b1\" data-element_type=\"container\" data-settings=\"{&quot;background_background&quot;:&quot;classic&quot;}\">\n\t\t\t\t<div class=\"elementor-element elementor-element-e3816d9 elementor-widget__width-inherit elementor-widget-mobile__width-inherit elementor-invisible elementor-widget elementor-widget-heading\" data-id=\"e3816d9\" data-element_type=\"widget\" data-settings=\"{&quot;_animation&quot;:&quot;fadeInDown&quot;}\" data-widget_type=\"heading.default\">\n\t\t\t\t<div class=\"elementor-widget-container\">\n\t\t\t\t\t<h2 class=\"elementor-heading-title elementor-size-default\">PREGUNTAS FRECUENTES<\/h2>\t\t\t\t<\/div>\n\t\t\t\t<\/div>\n\t\t\t\t<div class=\"elementor-element elementor-element-f685eb4 elementor-widget-divider--view-line elementor-widget elementor-widget-divider\" data-id=\"f685eb4\" data-element_type=\"widget\" data-widget_type=\"divider.default\">\n\t\t\t\t<div class=\"elementor-widget-container\">\n\t\t\t\t\t\t\t<div class=\"elementor-divider\">\n\t\t\t<span class=\"elementor-divider-separator\">\n\t\t\t\t\t\t<\/span>\n\t\t<\/div>\n\t\t\t\t\t\t<\/div>\n\t\t\t\t<\/div>\n\t\t\t\t<div class=\"elementor-element elementor-element-ef6dac9 elementor-widget elementor-widget-toggle\" data-id=\"ef6dac9\" data-element_type=\"widget\" data-widget_type=\"toggle.default\">\n\t\t\t\t<div class=\"elementor-widget-container\">\n\t\t\t\t\t\t\t<div class=\"elementor-toggle\">\n\t\t\t\t\t\t\t<div class=\"elementor-toggle-item\">\n\t\t\t\t\t<div id=\"elementor-tab-title-2511\" class=\"elementor-tab-title\" data-tab=\"1\" role=\"button\" aria-controls=\"elementor-tab-content-2511\" aria-expanded=\"false\">\n\t\t\t\t\t\t\t\t\t\t\t\t<span class=\"elementor-toggle-icon elementor-toggle-icon-left\" aria-hidden=\"true\">\n\t\t\t\t\t\t\t\t\t\t\t\t\t\t\t<span class=\"elementor-toggle-icon-closed\"><i class=\"fas fa-caret-right\"><\/i><\/span>\n\t\t\t\t\t\t\t\t<span class=\"elementor-toggle-icon-opened\"><i class=\"elementor-toggle-icon-opened fas fa-caret-up\"><\/i><\/span>\n\t\t\t\t\t\t\t\t\t\t\t\t\t<\/span>\n\t\t\t\t\t\t\t\t\t\t\t\t<a class=\"elementor-toggle-title\" tabindex=\"0\">\u00bfSe necesita alg\u00fan tipo de licencia?<\/a>\n\t\t\t\t\t<\/div>\n\n\t\t\t\t\t<div id=\"elementor-tab-content-2511\" class=\"elementor-tab-content elementor-clearfix\" data-tab=\"1\" role=\"region\" aria-labelledby=\"elementor-tab-title-2511\"><p>No, para las excursiones que hacemos con instructor no se necesita licencia.<\/p>\n<\/div>\n\t\t\t\t<\/div>\n\t\t\t\t\t\t\t<div class=\"elementor-toggle-item\">\n\t\t\t\t\t<div id=\"elementor-tab-title-2512\" class=\"elementor-tab-title\" data-tab=\"2\" role=\"button\" aria-controls=\"elementor-tab-content-2512\" aria-expanded=\"false\">\n\t\t\t\t\t\t\t\t\t\t\t\t<span class=\"elementor-toggle-icon elementor-toggle-icon-left\" aria-hidden=\"true\">\n\t\t\t\t\t\t\t\t\t\t\t\t\t\t\t<span class=\"elementor-toggle-icon-closed\"><i class=\"fas fa-caret-right\"><\/i><\/span>\n\t\t\t\t\t\t\t\t<span class=\"elementor-toggle-icon-opened\"><i class=\"elementor-toggle-icon-opened fas fa-caret-up\"><\/i><\/span>\n\t\t\t\t\t\t\t\t\t\t\t\t\t<\/span>\n\t\t\t\t\t\t\t\t\t\t\t\t<a class=\"elementor-toggle-title\" tabindex=\"0\">\u00bfLos precios de las excursiones son para 2 personas?<\/a>\n\t\t\t\t\t<\/div>\n\n\t\t\t\t\t<div id=\"elementor-tab-content-2512\" class=\"elementor-tab-content elementor-clearfix\" data-tab=\"2\" role=\"region\" aria-labelledby=\"elementor-tab-title-2512\"><p>S\u00ed, los precios son por JetSki, para 1 \u00f3 2 personas.<\/p>\n<\/div>\n\t\t\t\t<\/div>\n\t\t\t\t\t\t\t<div class=\"elementor-toggle-item\">\n\t\t\t\t\t<div id=\"elementor-tab-title-2513\" class=\"elementor-tab-title\" data-tab=\"3\" role=\"button\" aria-controls=\"elementor-tab-content-2513\" aria-expanded=\"false\">\n\t\t\t\t\t\t\t\t\t\t\t\t<span class=\"elementor-toggle-icon elementor-toggle-icon-left\" aria-hidden=\"true\">\n\t\t\t\t\t\t\t\t\t\t\t\t\t\t\t<span class=\"elementor-toggle-icon-closed\"><i class=\"fas fa-caret-right\"><\/i><\/span>\n\t\t\t\t\t\t\t\t<span class=\"elementor-toggle-icon-opened\"><i class=\"elementor-toggle-icon-opened fas fa-caret-up\"><\/i><\/span>\n\t\t\t\t\t\t\t\t\t\t\t\t\t<\/span>\n\t\t\t\t\t\t\t\t\t\t\t\t<a class=\"elementor-toggle-title\" tabindex=\"0\">\u00bfEn qu\u00e9 zona de Mallorca ofreces tus servicios?<\/a>\n\t\t\t\t\t<\/div>\n\n\t\t\t\t\t<div id=\"elementor-tab-content-2513\" class=\"elementor-tab-content elementor-clearfix\" data-tab=\"3\" role=\"region\" aria-labelledby=\"elementor-tab-title-2513\"><p>Nuestra oficina est\u00e1 en Sa Pobla. Sin embargo, ofrecemos nuestros servicios en cualquier lugar de la isla. La salida de todas nuestras excursiones es en el Puerto de Ca&#8217;n Picafort, Puerto de Alcudia o Port Andratx.<\/p>\n<\/div>\n\t\t\t\t<\/div>\n\t\t\t\t\t\t\t<div class=\"elementor-toggle-item\">\n\t\t\t\t\t<div id=\"elementor-tab-title-2514\" class=\"elementor-tab-title\" data-tab=\"4\" role=\"button\" aria-controls=\"elementor-tab-content-2514\" aria-expanded=\"false\">\n\t\t\t\t\t\t\t\t\t\t\t\t<span class=\"elementor-toggle-icon elementor-toggle-icon-left\" aria-hidden=\"true\">\n\t\t\t\t\t\t\t\t\t\t\t\t\t\t\t<span class=\"elementor-toggle-icon-closed\"><i class=\"fas fa-caret-right\"><\/i><\/span>\n\t\t\t\t\t\t\t\t<span class=\"elementor-toggle-icon-opened\"><i class=\"elementor-toggle-icon-opened fas fa-caret-up\"><\/i><\/span>\n\t\t\t\t\t\t\t\t\t\t\t\t\t<\/span>\n\t\t\t\t\t\t\t\t\t\t\t\t<a class=\"elementor-toggle-title\" tabindex=\"0\">\u00bfCon qu\u00e9 modelo de JetSki trabajas?<\/a>\n\t\t\t\t\t<\/div>\n\n\t\t\t\t\t<div id=\"elementor-tab-content-2514\" class=\"elementor-tab-content elementor-clearfix\" data-tab=\"4\" role=\"region\" aria-labelledby=\"elementor-tab-title-2514\"><p>Todos nuestros JetSki pertenecen a la l\u00ednea Sea-Doo, GTX 170 y GTX 130 Pro.<\/p>\n<\/div>\n\t\t\t\t<\/div>\n\t\t\t\t\t\t\t<div class=\"elementor-toggle-item\">\n\t\t\t\t\t<div id=\"elementor-tab-title-2515\" class=\"elementor-tab-title\" data-tab=\"5\" role=\"button\" aria-controls=\"elementor-tab-content-2515\" aria-expanded=\"false\">\n\t\t\t\t\t\t\t\t\t\t\t\t<span class=\"elementor-toggle-icon elementor-toggle-icon-left\" aria-hidden=\"true\">\n\t\t\t\t\t\t\t\t\t\t\t\t\t\t\t<span class=\"elementor-toggle-icon-closed\"><i class=\"fas fa-caret-right\"><\/i><\/span>\n\t\t\t\t\t\t\t\t<span class=\"elementor-toggle-icon-opened\"><i class=\"elementor-toggle-icon-opened fas fa-caret-up\"><\/i><\/span>\n\t\t\t\t\t\t\t\t\t\t\t\t\t<\/span>\n\t\t\t\t\t\t\t\t\t\t\t\t<a class=\"elementor-toggle-title\" tabindex=\"0\">\u00bfOfrec\u00e9is almacenamiento y custodia de embarcaciones?<\/a>\n\t\t\t\t\t<\/div>\n\n\t\t\t\t\t<div id=\"elementor-tab-content-2515\" class=\"elementor-tab-content elementor-clearfix\" data-tab=\"5\" role=\"region\" aria-labelledby=\"elementor-tab-title-2515\"><p>S\u00ed, ofrecemos servicio de almacenamiento y custodia, as\u00ed como de invernaje y mantenimiento (con diagn\u00f3stico inform\u00e1tico) si es necesario.<\/p>\n<\/div>\n\t\t\t\t<\/div>\n\t\t\t\t\t\t\t<div class=\"elementor-toggle-item\">\n\t\t\t\t\t<div id=\"elementor-tab-title-2516\" class=\"elementor-tab-title\" data-tab=\"6\" role=\"button\" aria-controls=\"elementor-tab-content-2516\" aria-expanded=\"false\">\n\t\t\t\t\t\t\t\t\t\t\t\t<span class=\"elementor-toggle-icon elementor-toggle-icon-left\" aria-hidden=\"true\">\n\t\t\t\t\t\t\t\t\t\t\t\t\t\t\t<span class=\"elementor-toggle-icon-closed\"><i class=\"fas fa-caret-right\"><\/i><\/span>\n\t\t\t\t\t\t\t\t<span class=\"elementor-toggle-icon-opened\"><i class=\"elementor-toggle-icon-opened fas fa-caret-up\"><\/i><\/span>\n\t\t\t\t\t\t\t\t\t\t\t\t\t<\/span>\n\t\t\t\t\t\t\t\t\t\t\t\t<a class=\"elementor-toggle-title\" tabindex=\"0\">\u00bfC\u00f3mo puedo regalar una de vuestras visitas guiadas?<\/a>\n\t\t\t\t\t<\/div>\n\n\t\t\t\t\t<div id=\"elementor-tab-content-2516\" class=\"elementor-tab-content elementor-clearfix\" data-tab=\"6\" role=\"region\" aria-labelledby=\"elementor-tab-title-2516\"><p>A trav\u00e9s del proceso de reserva integrado en la secci\u00f3n de viajes de nuestra web podr\u00e1s acceder a TuriTop, nuestra pasarela de pago a trav\u00e9s de la cual podr\u00e1s reservar el viaje que m\u00e1s te guste.<\/p>\n<\/div>\n\t\t\t\t<\/div>\n\t\t\t\t\t\t\t\t<\/div>\n\t\t\t\t\t\t<\/div>\n\t\t\t\t<\/div>\n\t\t\t\t<\/div>\n\t\t\t\t<\/div>\n\t\t\t\t<\/div>\n\t\t","protected":false},"excerpt":{"rendered":"<p>NUESTROS OR\u00cdGENES Gojet Service, una empresa fundada por un grupo de 2 amigos en 2019 durante un viaje a Bali. El nombre Gojet surgi\u00f3 a partir de la aplicaci\u00f3n \u00abGojek\u00bb, una aplicaci\u00f3n utilizada para la recogida y traslado de clientes en moto en Bali. Llevamos esta idea al mundo de las motos acu\u00e1ticas y creamos [&hellip;]<\/p>\n","protected":false},"author":1,"featured_media":0,"parent":0,"menu_order":0,"comment_status":"closed","ping_status":"closed","template":"","meta":{"footnotes":""},"class_list":["post-8866","page","type-page","status-publish","hentry"],"yoast_head":"<!-- This site is optimized with the Yoast SEO plugin v25.8 - https:\/\/yoast.com\/wordpress\/plugins\/seo\/ -->\n<title>Sobre nosotros - GoJet Mallorca<\/title>\n<meta name=\"robots\" content=\"index, follow, max-snippet:-1, max-image-preview:large, max-video-preview:-1\" \/>\n<link rel=\"canonical\" href=\"https:\/\/gojetmallorca.com\/es\/sobre-nosotros\/\" \/>\n<meta property=\"og:locale\" content=\"es_ES\" \/>\n<meta property=\"og:type\" content=\"article\" \/>\n<meta property=\"og:title\" content=\"Sobre nosotros - GoJet Mallorca\" \/>\n<meta property=\"og:description\" content=\"NUESTROS OR\u00cdGENES Gojet Service, una empresa fundada por un grupo de 2 amigos en 2019 durante un viaje a Bali. El nombre Gojet surgi\u00f3 a partir de la aplicaci\u00f3n \u00abGojek\u00bb, una aplicaci\u00f3n utilizada para la recogida y traslado de clientes en moto en Bali. Llevamos esta idea al mundo de las motos acu\u00e1ticas y creamos [&hellip;]\" \/>\n<meta property=\"og:url\" content=\"https:\/\/gojetmallorca.com\/es\/sobre-nosotros\/\" \/>\n<meta property=\"og:site_name\" content=\"GoJet Mallorca\" \/>\n<meta property=\"article:publisher\" content=\"https:\/\/www.facebook.com\/gojetskitours\" \/>\n<meta property=\"article:modified_time\" content=\"2024-06-27T07:20:57+00:00\" \/>\n<meta property=\"og:image\" content=\"https:\/\/gojetmallorca.com\/wp-content\/uploads\/2022\/05\/ANDRATX-1.jpg\" \/>\n\t<meta property=\"og:image:width\" content=\"1000\" \/>\n\t<meta property=\"og:image:height\" content=\"1250\" \/>\n\t<meta property=\"og:image:type\" content=\"image\/jpeg\" \/>\n<meta name=\"twitter:card\" content=\"summary_large_image\" \/>\n<script type=\"application\/ld+json\" class=\"yoast-schema-graph\">{\"@context\":\"https:\/\/schema.org\",\"@graph\":[{\"@type\":\"WebPage\",\"@id\":\"https:\/\/gojetmallorca.com\/es\/sobre-nosotros\/\",\"url\":\"https:\/\/gojetmallorca.com\/es\/sobre-nosotros\/\",\"name\":\"Sobre nosotros - GoJet Mallorca\",\"isPartOf\":{\"@id\":\"https:\/\/gojetmallorca.com\/#website\"},\"datePublished\":\"2021-05-17T10:58:10+00:00\",\"dateModified\":\"2024-06-27T07:20:57+00:00\",\"breadcrumb\":{\"@id\":\"https:\/\/gojetmallorca.com\/es\/sobre-nosotros\/#breadcrumb\"},\"inLanguage\":\"es\",\"potentialAction\":[{\"@type\":\"ReadAction\",\"target\":[\"https:\/\/gojetmallorca.com\/es\/sobre-nosotros\/\"]}]},{\"@type\":\"BreadcrumbList\",\"@id\":\"https:\/\/gojetmallorca.com\/es\/sobre-nosotros\/#breadcrumb\",\"itemListElement\":[{\"@type\":\"ListItem\",\"position\":1,\"name\":\"Portada\",\"item\":\"https:\/\/gojetmallorca.com\/es\/visitas\/\"},{\"@type\":\"ListItem\",\"position\":2,\"name\":\"Sobre nosotros\"}]},{\"@type\":\"WebSite\",\"@id\":\"https:\/\/gojetmallorca.com\/#website\",\"url\":\"https:\/\/gojetmallorca.com\/\",\"name\":\"GoJet Mallorca\",\"description\":\"JetSki Tours in Mallorca\",\"publisher\":{\"@id\":\"https:\/\/gojetmallorca.com\/#organization\"},\"potentialAction\":[{\"@type\":\"SearchAction\",\"target\":{\"@type\":\"EntryPoint\",\"urlTemplate\":\"https:\/\/gojetmallorca.com\/?s={search_term_string}\"},\"query-input\":{\"@type\":\"PropertyValueSpecification\",\"valueRequired\":true,\"valueName\":\"search_term_string\"}}],\"inLanguage\":\"es\"},{\"@type\":\"Organization\",\"@id\":\"https:\/\/gojetmallorca.com\/#organization\",\"name\":\"GoJet Mallorca\",\"url\":\"https:\/\/gojetmallorca.com\/\",\"logo\":{\"@type\":\"ImageObject\",\"inLanguage\":\"es\",\"@id\":\"https:\/\/gojetmallorca.com\/#\/schema\/logo\/image\/\",\"url\":\"https:\/\/gojetmallorca.com\/wp-content\/uploads\/2021\/07\/gojet-mallorca-logo.jpg\",\"contentUrl\":\"https:\/\/gojetmallorca.com\/wp-content\/uploads\/2021\/07\/gojet-mallorca-logo.jpg\",\"width\":350,\"height\":212,\"caption\":\"GoJet Mallorca\"},\"image\":{\"@id\":\"https:\/\/gojetmallorca.com\/#\/schema\/logo\/image\/\"},\"sameAs\":[\"https:\/\/www.facebook.com\/gojetskitours\",\"https:\/\/www.instagram.com\/gojetmallorca\/\"]}]}<\/script>\n<!-- \/ Yoast SEO plugin. -->","yoast_head_json":{"title":"Sobre nosotros - GoJet Mallorca","robots":{"index":"index","follow":"follow","max-snippet":"max-snippet:-1","max-image-preview":"max-image-preview:large","max-video-preview":"max-video-preview:-1"},"canonical":"https:\/\/gojetmallorca.com\/es\/sobre-nosotros\/","og_locale":"es_ES","og_type":"article","og_title":"Sobre nosotros - GoJet Mallorca","og_description":"NUESTROS OR\u00cdGENES Gojet Service, una empresa fundada por un grupo de 2 amigos en 2019 durante un viaje a Bali. El nombre Gojet surgi\u00f3 a partir de la aplicaci\u00f3n \u00abGojek\u00bb, una aplicaci\u00f3n utilizada para la recogida y traslado de clientes en moto en Bali. Llevamos esta idea al mundo de las motos acu\u00e1ticas y creamos [&hellip;]","og_url":"https:\/\/gojetmallorca.com\/es\/sobre-nosotros\/","og_site_name":"GoJet Mallorca","article_publisher":"https:\/\/www.facebook.com\/gojetskitours","article_modified_time":"2024-06-27T07:20:57+00:00","og_image":[{"width":1000,"height":1250,"url":"https:\/\/gojetmallorca.com\/wp-content\/uploads\/2022\/05\/ANDRATX-1.jpg","type":"image\/jpeg"}],"twitter_card":"summary_large_image","schema":{"@context":"https:\/\/schema.org","@graph":[{"@type":"WebPage","@id":"https:\/\/gojetmallorca.com\/es\/sobre-nosotros\/","url":"https:\/\/gojetmallorca.com\/es\/sobre-nosotros\/","name":"Sobre nosotros - GoJet Mallorca","isPartOf":{"@id":"https:\/\/gojetmallorca.com\/#website"},"datePublished":"2021-05-17T10:58:10+00:00","dateModified":"2024-06-27T07:20:57+00:00","breadcrumb":{"@id":"https:\/\/gojetmallorca.com\/es\/sobre-nosotros\/#breadcrumb"},"inLanguage":"es","potentialAction":[{"@type":"ReadAction","target":["https:\/\/gojetmallorca.com\/es\/sobre-nosotros\/"]}]},{"@type":"BreadcrumbList","@id":"https:\/\/gojetmallorca.com\/es\/sobre-nosotros\/#breadcrumb","itemListElement":[{"@type":"ListItem","position":1,"name":"Portada","item":"https:\/\/gojetmallorca.com\/es\/visitas\/"},{"@type":"ListItem","position":2,"name":"Sobre nosotros"}]},{"@type":"WebSite","@id":"https:\/\/gojetmallorca.com\/#website","url":"https:\/\/gojetmallorca.com\/","name":"GoJet Mallorca","description":"JetSki Tours in Mallorca","publisher":{"@id":"https:\/\/gojetmallorca.com\/#organization"},"potentialAction":[{"@type":"SearchAction","target":{"@type":"EntryPoint","urlTemplate":"https:\/\/gojetmallorca.com\/?s={search_term_string}"},"query-input":{"@type":"PropertyValueSpecification","valueRequired":true,"valueName":"search_term_string"}}],"inLanguage":"es"},{"@type":"Organization","@id":"https:\/\/gojetmallorca.com\/#organization","name":"GoJet Mallorca","url":"https:\/\/gojetmallorca.com\/","logo":{"@type":"ImageObject","inLanguage":"es","@id":"https:\/\/gojetmallorca.com\/#\/schema\/logo\/image\/","url":"https:\/\/gojetmallorca.com\/wp-content\/uploads\/2021\/07\/gojet-mallorca-logo.jpg","contentUrl":"https:\/\/gojetmallorca.com\/wp-content\/uploads\/2021\/07\/gojet-mallorca-logo.jpg","width":350,"height":212,"caption":"GoJet Mallorca"},"image":{"@id":"https:\/\/gojetmallorca.com\/#\/schema\/logo\/image\/"},"sameAs":["https:\/\/www.facebook.com\/gojetskitours","https:\/\/www.instagram.com\/gojetmallorca\/"]}]}},"_links":{"self":[{"href":"https:\/\/gojetmallorca.com\/es\/wp-json\/wp\/v2\/pages\/8866","targetHints":{"allow":["GET"]}}],"collection":[{"href":"https:\/\/gojetmallorca.com\/es\/wp-json\/wp\/v2\/pages"}],"about":[{"href":"https:\/\/gojetmallorca.com\/es\/wp-json\/wp\/v2\/types\/page"}],"author":[{"embeddable":true,"href":"https:\/\/gojetmallorca.com\/es\/wp-json\/wp\/v2\/users\/1"}],"replies":[{"embeddable":true,"href":"https:\/\/gojetmallorca.com\/es\/wp-json\/wp\/v2\/comments?post=8866"}],"version-history":[{"count":0,"href":"https:\/\/gojetmallorca.com\/es\/wp-json\/wp\/v2\/pages\/8866\/revisions"}],"wp:attachment":[{"href":"https:\/\/gojetmallorca.com\/es\/wp-json\/wp\/v2\/media?parent=8866"}],"curies":[{"name":"wp","href":"https:\/\/api.w.org\/{rel}","templated":true}]}}