{"id":9101,"date":"2021-06-03T07:42:43","date_gmt":"2021-06-03T07:42:43","guid":{"rendered":"https:\/\/gojetmallorca.com\/politica-de-cookies\/"},"modified":"2024-05-30T08:01:14","modified_gmt":"2024-05-30T08:01:14","slug":"politica-de-cookies","status":"publish","type":"page","link":"https:\/\/gojetmallorca.com\/es\/politica-de-cookies\/","title":{"rendered":"Pol\u00edtica de cookies"},"content":{"rendered":"\t\t<div data-elementor-type=\"wp-page\" data-elementor-id=\"9101\" class=\"elementor elementor-9101 elementor-3464\" data-elementor-post-type=\"page\">\n\t\t\t\t\t\t<section class=\"elementor-section elementor-top-section elementor-element elementor-element-5a4b294 elementor-section-boxed elementor-section-height-default elementor-section-height-default\" data-id=\"5a4b294\" data-element_type=\"section\">\n\t\t\t\t\t\t<div class=\"elementor-container elementor-column-gap-default\">\n\t\t\t\t\t<div class=\"elementor-column elementor-col-100 elementor-top-column elementor-element elementor-element-e8e8f44\" data-id=\"e8e8f44\" data-element_type=\"column\">\n\t\t\t<div class=\"elementor-widget-wrap elementor-element-populated\">\n\t\t\t\t\t\t<div class=\"elementor-element elementor-element-a7f0e9c elementor-widget elementor-widget-heading\" data-id=\"a7f0e9c\" data-element_type=\"widget\" data-widget_type=\"heading.default\">\n\t\t\t\t<div class=\"elementor-widget-container\">\n\t\t\t\t\t<h1 class=\"elementor-heading-title elementor-size-default\">Pol\u00edtica de cookies<\/h1>\t\t\t\t<\/div>\n\t\t\t\t<\/div>\n\t\t\t\t<div class=\"elementor-element elementor-element-ec2f1ff elementor-widget elementor-widget-text-editor\" data-id=\"ec2f1ff\" data-element_type=\"widget\" data-widget_type=\"text-editor.default\">\n\t\t\t\t<div class=\"elementor-widget-container\">\n\t\t\t\t\t\t\t\t\t<a href=\"https:\/\/gojetmallorca.com\/es\/\"><strong>gojetmallorca.com<\/strong><\/a>\n\nEl acceso a este sitio web puede implicar el uso de cookies. Las cookies son peque\u00f1as cantidades de informaci\u00f3n que se almacenan en el navegador utilizado por cada Usuario -en los distintos dispositivos que utilice para navegar- para que el servidor recuerde cierta informaci\u00f3n que posteriormente s\u00f3lo el servidor que la implement\u00f3 leer\u00e1. Las cookies facilitan la navegaci\u00f3n, la hacen m\u00e1s f\u00e1cil y no da\u00f1an el dispositivo de navegaci\u00f3n.\n\nLas cookies son procedimientos autom\u00e1ticos de recogida de informaci\u00f3n relativa a las preferencias determinadas por el Usuario durante su visita al Sitio Web con el fin de reconocerle como Usuario y personalizar su experiencia y uso del Sitio Web. Tambi\u00e9n pueden, por ejemplo, ayudar a identificar y resolver errores.\n\nLa informaci\u00f3n recogida por las cookies puede incluir la fecha y hora de las visitas al sitio web, las p\u00e1ginas visitadas, el tiempo pasado en el sitio web y los sitios web visitados inmediatamente antes y despu\u00e9s. Sin embargo, ninguna cookie le permite ponerse en contacto con el n\u00famero de tel\u00e9fono del Usuario o cualquier otro medio de contacto personal. Ninguna cookie puede extraer informaci\u00f3n del disco duro del Usuario ni robar informaci\u00f3n personal. La \u00fanica forma de que la informaci\u00f3n privada del usuario pase a formar parte del archivo cookie es que el usuario proporcione personalmente esa informaci\u00f3n al servidor.\n\nLas cookies que permiten identificar a una persona se consideran datos personales. Por lo tanto, se les aplicar\u00e1 la Pol\u00edtica de Privacidad descrita anteriormente. En este sentido, se requerir\u00e1 el consentimiento del Usuario para el uso de estas cookies. Este consentimiento se comunicar\u00e1 sobre la base de una elecci\u00f3n aut\u00e9ntica, ofrecida mediante una decisi\u00f3n afirmativa y positiva, antes del tratamiento inicial, extra\u00edble y documentada.\n\n<h1>Cookies propias<\/h1>\n<strong> <\/strong>\n\nSon cookies que se env\u00edan al ordenador o dispositivo del Usuario y gestionadas exclusivamente por Gojet Mallorca para el mejor funcionamiento del Sitio Web. La informaci\u00f3n recopilada se utiliza para mejorar la calidad del sitio web, su contenido y la experiencia del usuario. Estas cookies permiten reconocer al Usuario como visitante recurrente del Sitio Web y adaptar el contenido para ofrecerle contenidos que se ajusten a sus preferencias.\n\n<h1>Cookies de terceros<\/h1>\n<strong> <\/strong>\n\nSon cookies utilizadas y gestionadas por entidades externas que prestan a Gojet Mallorca servicios solicitados por \u00e9sta para mejorar el Sitio Web y la experiencia del usuario en su navegaci\u00f3n por el mismo. Los principales fines para los que se utilizan las cookies de terceros son obtener estad\u00edsticas de acceso y analizar la informaci\u00f3n de navegaci\u00f3n, es decir, c\u00f3mo interact\u00faa el Usuario con el Sitio Web.\n\nLa informaci\u00f3n obtenida se refiere, por ejemplo, al n\u00famero de p\u00e1ginas visitadas, el idioma, el lugar al que accede la direcci\u00f3n IP desde la que accede el Usuario, el n\u00famero de Usuarios que acceden, la frecuencia y reincidencia de las visitas, el tiempo de visita, el navegador utilizado, el operador o tipo de dispositivo desde el que se realiza la visita. Esta informaci\u00f3n se utiliza para mejorar el Sitio Web y detectar nuevas necesidades para ofrecer a los Usuarios Contenidos y\/o servicios de \u00f3ptima calidad. En cualquier caso, la informaci\u00f3n se recoge de forma an\u00f3nima y los informes de tendencias del sitio web se elaboran sin identificar a los usuarios individuales.\n\nPuede obtener m\u00e1s informaci\u00f3n sobre las cookies, informaci\u00f3n sobre privacidad, o consultar la descripci\u00f3n del tipo de cookies utilizadas, sus principales caracter\u00edsticas, plazo de caducidad, etc., en el\/los siguiente\/s enlace\/s:\n\nLa(s) entidad(es) responsable(s) de proporcionar las cookies puede(n) transferir esta informaci\u00f3n a terceros, siempre que lo exija la ley o si un tercero procesa esta informaci\u00f3n para estas entidades.\n\n<h1>Cookies de redes sociales<\/h1>\n<strong> <\/strong>\n\nGojet Mallorca incorpora plugins de redes sociales, que permiten el acceso a las mismas desde el Sitio Web. Por este motivo, las cookies de las redes sociales pueden almacenarse en el navegador del Usuario. Los propietarios de estas plataformas de medios sociales tienen sus propias pol\u00edticas de protecci\u00f3n de datos y cookies, siendo responsables de sus propios ficheros y pr\u00e1cticas de privacidad en cada caso. El Usuario deber\u00e1 remitirse a las mismas para conocer dichas cookies y, en su caso, el tratamiento de sus datos personales. A t\u00edtulo meramente informativo, a continuaci\u00f3n se indican los enlaces donde pueden consultarse estas pol\u00edticas de privacidad y\/o cookies:\n\nFacebook: <a href=\"https:\/\/textos-legales.edgartamarit.com\/\" target=\"_blank\" rel=\"noopener\">https:\/\/www.facebook.com\/policies\/cookies\/<\/a> Twitter: <a href=\"https:\/\/textos-legales.edgartamarit.com\/\" target=\"_blank\" rel=\"noopener\">https:\/\/twitter.com\/es\/privacy<\/a>\n\nInstagram: <a href=\"https:\/\/textos-legales.edgartamarit.com\/\" target=\"_blank\" rel=\"noopener\">https:\/\/help.instagram.com\/1896641480634370?ref=ig<\/a> YouTube: <a href=\"https:\/\/textos-legales.edgartamarit.com\/\" target=\"_blank\" rel=\"noopener\">https:\/\/policies.google.com\/privacy?hl=es-419&amp;gl=mx<\/a> Pinterest: <a href=\"https:\/\/textos-legales.edgartamarit.com\/\" target=\"_blank\" rel=\"noopener\">https:\/\/policy.pinterest.com\/es\/privacy-policy<\/a>\n\nLinkedIn: <a href=\"https:\/\/textos-legales.edgartamarit.com\/\" target=\"_blank\" rel=\"noopener\">https:\/\/www.linkedin.com\/legal\/cookie-policy?trk=hp-cookies<\/a>\n\n<h1>Desactivar, rechazar y eliminar cookies<\/h1>\n<strong> <\/strong>\n\nEl Usuario puede desactivar, rechazar y eliminar total o parcialmente las cookies instaladas en su dispositivo a trav\u00e9s de la configuraci\u00f3n de su navegador (incluyendo, por ejemplo, Chrome, Firefox, Safari, Explorer). A este respecto, los procedimientos para rechazar y eliminar cookies pueden diferir de un navegador de Internet a otro. En consecuencia, el Usuario deber\u00e1 remitirse a las instrucciones facilitadas por el navegador de Internet que est\u00e9 utilizando. Si se rechaza el uso de cookies -total o parcialmente- el Usuario podr\u00e1 seguir utilizando el Sitio Web, aunque el uso de algunas de sus funcionalidades podr\u00e1 ser limitado.\n\nCookies fue creado utilizando el generador de plantillas en <a href=\"https:\/\/textos-legales.edgartamarit.com\/\" target=\"_blank\" rel=\"noopener\">pol\u00edtica de cookies<\/a> online el 13\/06\/2022.\t\t\t\t\t\t\t\t<\/div>\n\t\t\t\t<\/div>\n\t\t\t\t\t<\/div>\n\t\t<\/div>\n\t\t\t\t\t<\/div>\n\t\t<\/section>\n\t\t\t\t<\/div>\n\t\t","protected":false},"excerpt":{"rendered":"<p>gojetmallorca.com El acceso a este sitio web puede implicar el uso de cookies. Las cookies son peque\u00f1as cantidades de informaci\u00f3n que se almacenan en el navegador utilizado por cada Usuario -en los distintos dispositivos que utilice para navegar- para que el servidor recuerde cierta informaci\u00f3n que posteriormente s\u00f3lo el servidor que la implement\u00f3 leer\u00e1. Las [&hellip;]<\/p>\n","protected":false},"author":1,"featured_media":0,"parent":0,"menu_order":0,"comment_status":"closed","ping_status":"closed","template":"","meta":{"footnotes":""},"class_list":["post-9101","page","type-page","status-publish","hentry"],"yoast_head":"<!-- This site is optimized with the Yoast SEO plugin v25.8 - https:\/\/yoast.com\/wordpress\/plugins\/seo\/ -->\n<title>Pol\u00edtica de cookies - GoJet Mallorca<\/title>\n<meta name=\"robots\" content=\"noindex, nofollow\" \/>\n<meta property=\"og:locale\" content=\"es_ES\" \/>\n<meta property=\"og:type\" content=\"article\" \/>\n<meta property=\"og:title\" content=\"Pol\u00edtica de cookies - GoJet Mallorca\" \/>\n<meta property=\"og:description\" content=\"gojetmallorca.com El acceso a este sitio web puede implicar el uso de cookies. Las cookies son peque\u00f1as cantidades de informaci\u00f3n que se almacenan en el navegador utilizado por cada Usuario -en los distintos dispositivos que utilice para navegar- para que el servidor recuerde cierta informaci\u00f3n que posteriormente s\u00f3lo el servidor que la implement\u00f3 leer\u00e1. Las [&hellip;]\" \/>\n<meta property=\"og:url\" content=\"https:\/\/gojetmallorca.com\/es\/politica-de-cookies\/\" \/>\n<meta property=\"og:site_name\" content=\"GoJet Mallorca\" \/>\n<meta property=\"article:publisher\" content=\"https:\/\/www.facebook.com\/gojetskitours\" \/>\n<meta property=\"article:modified_time\" content=\"2024-05-30T08:01:14+00:00\" \/>\n<meta property=\"og:image\" content=\"https:\/\/gojetmallorca.com\/wp-content\/uploads\/2022\/05\/ANDRATX-1.jpg\" \/>\n\t<meta property=\"og:image:width\" content=\"1000\" \/>\n\t<meta property=\"og:image:height\" content=\"1250\" \/>\n\t<meta property=\"og:image:type\" content=\"image\/jpeg\" \/>\n<meta name=\"twitter:card\" content=\"summary_large_image\" \/>\n<script type=\"application\/ld+json\" class=\"yoast-schema-graph\">{\"@context\":\"https:\/\/schema.org\",\"@graph\":[{\"@type\":\"WebPage\",\"@id\":\"https:\/\/gojetmallorca.com\/es\/politica-de-cookies\/\",\"url\":\"https:\/\/gojetmallorca.com\/es\/politica-de-cookies\/\",\"name\":\"Pol\u00edtica de cookies - GoJet Mallorca\",\"isPartOf\":{\"@id\":\"https:\/\/gojetmallorca.com\/#website\"},\"datePublished\":\"2021-06-03T07:42:43+00:00\",\"dateModified\":\"2024-05-30T08:01:14+00:00\",\"breadcrumb\":{\"@id\":\"https:\/\/gojetmallorca.com\/es\/politica-de-cookies\/#breadcrumb\"},\"inLanguage\":\"es\",\"potentialAction\":[{\"@type\":\"ReadAction\",\"target\":[\"https:\/\/gojetmallorca.com\/es\/politica-de-cookies\/\"]}]},{\"@type\":\"BreadcrumbList\",\"@id\":\"https:\/\/gojetmallorca.com\/es\/politica-de-cookies\/#breadcrumb\",\"itemListElement\":[{\"@type\":\"ListItem\",\"position\":1,\"name\":\"Portada\",\"item\":\"https:\/\/gojetmallorca.com\/es\/visitas\/\"},{\"@type\":\"ListItem\",\"position\":2,\"name\":\"Pol\u00edtica de cookies\"}]},{\"@type\":\"WebSite\",\"@id\":\"https:\/\/gojetmallorca.com\/#website\",\"url\":\"https:\/\/gojetmallorca.com\/\",\"name\":\"GoJet Mallorca\",\"description\":\"JetSki Tours in Mallorca\",\"publisher\":{\"@id\":\"https:\/\/gojetmallorca.com\/#organization\"},\"potentialAction\":[{\"@type\":\"SearchAction\",\"target\":{\"@type\":\"EntryPoint\",\"urlTemplate\":\"https:\/\/gojetmallorca.com\/?s={search_term_string}\"},\"query-input\":{\"@type\":\"PropertyValueSpecification\",\"valueRequired\":true,\"valueName\":\"search_term_string\"}}],\"inLanguage\":\"es\"},{\"@type\":\"Organization\",\"@id\":\"https:\/\/gojetmallorca.com\/#organization\",\"name\":\"GoJet Mallorca\",\"url\":\"https:\/\/gojetmallorca.com\/\",\"logo\":{\"@type\":\"ImageObject\",\"inLanguage\":\"es\",\"@id\":\"https:\/\/gojetmallorca.com\/#\/schema\/logo\/image\/\",\"url\":\"https:\/\/gojetmallorca.com\/wp-content\/uploads\/2021\/07\/gojet-mallorca-logo.jpg\",\"contentUrl\":\"https:\/\/gojetmallorca.com\/wp-content\/uploads\/2021\/07\/gojet-mallorca-logo.jpg\",\"width\":350,\"height\":212,\"caption\":\"GoJet Mallorca\"},\"image\":{\"@id\":\"https:\/\/gojetmallorca.com\/#\/schema\/logo\/image\/\"},\"sameAs\":[\"https:\/\/www.facebook.com\/gojetskitours\",\"https:\/\/www.instagram.com\/gojetmallorca\/\"]}]}<\/script>\n<!-- \/ Yoast SEO plugin. -->","yoast_head_json":{"title":"Pol\u00edtica de cookies - GoJet Mallorca","robots":{"index":"noindex","follow":"nofollow"},"og_locale":"es_ES","og_type":"article","og_title":"Pol\u00edtica de cookies - GoJet Mallorca","og_description":"gojetmallorca.com El acceso a este sitio web puede implicar el uso de cookies. Las cookies son peque\u00f1as cantidades de informaci\u00f3n que se almacenan en el navegador utilizado por cada Usuario -en los distintos dispositivos que utilice para navegar- para que el servidor recuerde cierta informaci\u00f3n que posteriormente s\u00f3lo el servidor que la implement\u00f3 leer\u00e1. Las [&hellip;]","og_url":"https:\/\/gojetmallorca.com\/es\/politica-de-cookies\/","og_site_name":"GoJet Mallorca","article_publisher":"https:\/\/www.facebook.com\/gojetskitours","article_modified_time":"2024-05-30T08:01:14+00:00","og_image":[{"width":1000,"height":1250,"url":"https:\/\/gojetmallorca.com\/wp-content\/uploads\/2022\/05\/ANDRATX-1.jpg","type":"image\/jpeg"}],"twitter_card":"summary_large_image","schema":{"@context":"https:\/\/schema.org","@graph":[{"@type":"WebPage","@id":"https:\/\/gojetmallorca.com\/es\/politica-de-cookies\/","url":"https:\/\/gojetmallorca.com\/es\/politica-de-cookies\/","name":"Pol\u00edtica de cookies - GoJet Mallorca","isPartOf":{"@id":"https:\/\/gojetmallorca.com\/#website"},"datePublished":"2021-06-03T07:42:43+00:00","dateModified":"2024-05-30T08:01:14+00:00","breadcrumb":{"@id":"https:\/\/gojetmallorca.com\/es\/politica-de-cookies\/#breadcrumb"},"inLanguage":"es","potentialAction":[{"@type":"ReadAction","target":["https:\/\/gojetmallorca.com\/es\/politica-de-cookies\/"]}]},{"@type":"BreadcrumbList","@id":"https:\/\/gojetmallorca.com\/es\/politica-de-cookies\/#breadcrumb","itemListElement":[{"@type":"ListItem","position":1,"name":"Portada","item":"https:\/\/gojetmallorca.com\/es\/visitas\/"},{"@type":"ListItem","position":2,"name":"Pol\u00edtica de cookies"}]},{"@type":"WebSite","@id":"https:\/\/gojetmallorca.com\/#website","url":"https:\/\/gojetmallorca.com\/","name":"GoJet Mallorca","description":"JetSki Tours in Mallorca","publisher":{"@id":"https:\/\/gojetmallorca.com\/#organization"},"potentialAction":[{"@type":"SearchAction","target":{"@type":"EntryPoint","urlTemplate":"https:\/\/gojetmallorca.com\/?s={search_term_string}"},"query-input":{"@type":"PropertyValueSpecification","valueRequired":true,"valueName":"search_term_string"}}],"inLanguage":"es"},{"@type":"Organization","@id":"https:\/\/gojetmallorca.com\/#organization","name":"GoJet Mallorca","url":"https:\/\/gojetmallorca.com\/","logo":{"@type":"ImageObject","inLanguage":"es","@id":"https:\/\/gojetmallorca.com\/#\/schema\/logo\/image\/","url":"https:\/\/gojetmallorca.com\/wp-content\/uploads\/2021\/07\/gojet-mallorca-logo.jpg","contentUrl":"https:\/\/gojetmallorca.com\/wp-content\/uploads\/2021\/07\/gojet-mallorca-logo.jpg","width":350,"height":212,"caption":"GoJet Mallorca"},"image":{"@id":"https:\/\/gojetmallorca.com\/#\/schema\/logo\/image\/"},"sameAs":["https:\/\/www.facebook.com\/gojetskitours","https:\/\/www.instagram.com\/gojetmallorca\/"]}]}},"_links":{"self":[{"href":"https:\/\/gojetmallorca.com\/es\/wp-json\/wp\/v2\/pages\/9101","targetHints":{"allow":["GET"]}}],"collection":[{"href":"https:\/\/gojetmallorca.com\/es\/wp-json\/wp\/v2\/pages"}],"about":[{"href":"https:\/\/gojetmallorca.com\/es\/wp-json\/wp\/v2\/types\/page"}],"author":[{"embeddable":true,"href":"https:\/\/gojetmallorca.com\/es\/wp-json\/wp\/v2\/users\/1"}],"replies":[{"embeddable":true,"href":"https:\/\/gojetmallorca.com\/es\/wp-json\/wp\/v2\/comments?post=9101"}],"version-history":[{"count":0,"href":"https:\/\/gojetmallorca.com\/es\/wp-json\/wp\/v2\/pages\/9101\/revisions"}],"wp:attachment":[{"href":"https:\/\/gojetmallorca.com\/es\/wp-json\/wp\/v2\/media?parent=9101"}],"curies":[{"name":"wp","href":"https:\/\/api.w.org\/{rel}","templated":true}]}}