{"id":9111,"date":"2021-06-03T07:40:48","date_gmt":"2021-06-03T07:40:48","guid":{"rendered":"https:\/\/gojetmallorca.com\/aviso-legal\/"},"modified":"2024-05-31T08:23:14","modified_gmt":"2024-05-31T08:23:14","slug":"aviso-legal","status":"publish","type":"page","link":"https:\/\/gojetmallorca.com\/es\/aviso-legal\/","title":{"rendered":"Aviso legal"},"content":{"rendered":"\t\t<div data-elementor-type=\"wp-page\" data-elementor-id=\"9111\" class=\"elementor elementor-9111 elementor-6930\" data-elementor-post-type=\"page\">\n\t\t\t\t\t\t<section class=\"elementor-section elementor-top-section elementor-element elementor-element-86a1ba1 elementor-section-boxed elementor-section-height-default elementor-section-height-default\" data-id=\"86a1ba1\" data-element_type=\"section\">\n\t\t\t\t\t\t<div class=\"elementor-container elementor-column-gap-default\">\n\t\t\t\t\t<div class=\"elementor-column elementor-col-100 elementor-top-column elementor-element elementor-element-6bf4e17\" data-id=\"6bf4e17\" data-element_type=\"column\">\n\t\t\t<div class=\"elementor-widget-wrap elementor-element-populated\">\n\t\t\t\t\t\t<div class=\"elementor-element elementor-element-f4b7776 elementor-widget elementor-widget-heading\" data-id=\"f4b7776\" data-element_type=\"widget\" data-widget_type=\"heading.default\">\n\t\t\t\t<div class=\"elementor-widget-container\">\n\t\t\t\t\t<h1 class=\"elementor-heading-title elementor-size-default\">Aviso legal<\/h1>\t\t\t\t<\/div>\n\t\t\t\t<\/div>\n\t\t\t\t<div class=\"elementor-element elementor-element-cb0375e elementor-widget elementor-widget-text-editor\" data-id=\"cb0375e\" data-element_type=\"widget\" data-widget_type=\"text-editor.default\">\n\t\t\t\t<div class=\"elementor-widget-container\">\n\t\t\t\t\t\t\t\t\tEn cumplimiento con el deber de informaci\u00f3n recogido en la Ley 34\/2002, de 11 de julio, de Servicios de la Sociedad de la Informaci\u00f3n y del Comercio Electr\u00f3nico (LSSI-CE), a continuaci\u00f3n se indican los datos de informaci\u00f3n general de este sitio web:\n\nLa propiedad de este sitio web, <a href=\"https:\/\/gojetmallorca.com\/es\/\">gojetmallorca.com<\/a> (en adelante, el Sitio Web) pertenece a: Gojet Service SCP, con NIF: J16563447 e inscrita en el Registro Mercantil de Inca con los siguientes datos registrales: , cuyo representante es Vicente Navarro Morcillo, y cuyos datos de contacto son:\n\nDirecci\u00f3n: Teodoro Canet 12, local 2\nTel\u00e9fono de contacto: 669002719\nCorreo electr\u00f3nico de contacto: <a href=\"mailto:info@gojetmallorca.com\">info@gojetmallorca.com<\/a>\n\n<h1>II. CONDICIONES GENERALES DE USO<\/h1>\n<h2>Objetivo de las Condiciones: El sitio web<\/h2>\n\nLas presentes Condiciones Generales de Uso (en adelante, Condiciones) tienen por objeto regular el acceso y uso del Sitio Web. A los efectos de las presentes Condiciones, se entender\u00e1 por Sitio Web: la apariencia externa de las interfaces de pantalla, tanto est\u00e1tica como din\u00e1mica, es decir, el \u00e1rbol de navegaci\u00f3n; y todos los elementos integrados tanto en las interfaces de pantalla como en el \u00e1rbol de navegaci\u00f3n (en adelante, Contenidos) y todos aquellos servicios o recursos en l\u00ednea que puedan ser ofrecidos a los Usuarios (en adelante, Servicios).\n\nGojet Mallorca se reserva la facultad de modificar, en cualquier momento, y sin aviso previo, la presentaci\u00f3n y configuraci\u00f3n del Sitio Web y de los Contenidos y Servicios que en \u00e9l pudieran estar incorporados. El Usuario reconoce y acepta que en cualquier momento Gojet Mallorca pueda interrumpir, desactivar y\/o cancelar cualquiera de estos elementos que se integran en el Sitio Web o el acceso a los mismos.\n\nEl acceso al Sitio Web por parte del Usuario tiene car\u00e1cter libre y gratuito y, como regla general, es gratuito sin que el Usuario tenga que realizar contraprestaci\u00f3n alguna para poder disfrutar del mismo, salvo el coste de la conexi\u00f3n a trav\u00e9s de la red de telecomunicaciones suministrada por el proveedor de acceso contratado por el Usuario.\n\nLa utilizaci\u00f3n de cualquiera de los Contenidos o Servicios del Sitio Web puede hacerse mediante suscripci\u00f3n o registro previo del Usuario.\n\n<h2>El usuario<\/h2>\n\nEl acceso, navegaci\u00f3n y uso del Sitio Web, as\u00ed como de los espacios habilitados para interactuar entre los Usuarios, y el Usuario y Gojet Mallorca, tales como comentarios y\/o espacios de blogging, confiere la condici\u00f3n de Usuario, por la que se aceptan, desde el momento mismo de la navegaci\u00f3n por el Sitio Web, todas las Condiciones aqu\u00ed establecidas, as\u00ed como sus posteriores modificaciones, sin perjuicio de la aplicaci\u00f3n de la correspondiente normativa legal de obligado cumplimiento seg\u00fan el caso. Dada la relevancia de lo anterior, se recomienda al Usuario su lectura cada vez que visite el Sitio Web.\n\nEl sitio Web de Gojet Mallorca proporciona gran diversidad de informaci\u00f3n, servicios y datos. El Usuario asume la responsabilidad de hacer un uso correcto del Sitio Web. Esta responsabilidad se extender\u00e1 a:\n\n&#8211; El uso de la informaci\u00f3n, Contenidos y\/o Servicios y datos ofrecidos por Gojet Mallorca sin que sea contrario a las presentes Condiciones, la Ley, la moral o el orden p\u00fablico, o que de cualquier otro modo puedan suponer lesi\u00f3n de los derechos de terceros o del mismo funcionamiento del Sitio Web.\n&#8211; La veracidad y licitud de las informaciones aportadas por el Usuario en los formularios extendidos por Gojet Mallorca para el acceso a ciertos Contenidos o Servicios ofrecidos por el Portal. En todo caso, el Usuario notificar\u00e1 de forma inmediata a Gojet Mallorca acerca de cualquier hecho que permita el uso indebido de la informaci\u00f3n registrada en dichos formularios, tales como, pero no s\u00f3lo, el robo, extrav\u00edo, o el acceso no autorizado a identificadores y\/o contrase\u00f1as, con el fin de proceder a su inmediata cancelaci\u00f3n.\n&#8211; Gojet Mallorca se reserva el derecho de retirar todos aquellos comentarios y aportaciones que vulneren la ley, el respeto a la dignidad de la persona, que sean discriminatorios, xen\u00f3fobos, racistas, pornogr\u00e1ficos, spamming, que atenten contra la juventud o la infancia, el orden o la seguridad p\u00fablica o que, a su juicio, no resultaran adecuados para su publicaci\u00f3n.\n&#8211; En cualquier caso, Gojet Mallorca no ser\u00e1 responsable de las opiniones vertidas por los Usuarios a trav\u00e9s de comentarios u otras herramientas de blogging o de participaci\u00f3n que puedan estar disponibles.\n&#8211; El mero acceso a este Sitio Web no supone entablar ning\u00fan tipo de relaci\u00f3n de car\u00e1cter comercial entre Gojet Mallorca y el Usuario.\n&#8211; Siempre en cumplimiento de la legislaci\u00f3n vigente, este Sitio Web de Gojet Mallorca est\u00e1 dirigido a todas las personas, independientemente de su edad, que puedan acceder y\/o navegar por las p\u00e1ginas del Sitio Web.\n\n<h1>III. ACCESO Y NAVEGACI\u00d3N EN EL SITIO WEB: EXCLUSI\u00d3N DE GARANT\u00cdAS Y DE RESPONSABILIDAD<\/h1>\n\nGojet Mallorca no garantiza la continuidad, disponibilidad y utilidad del Sitio Web, ni de los Contenidos o Servicios. Gojet Mallorca har\u00e1 todo lo posible por el buen funcionamiento del Sitio Web, sin embargo, no se responsabiliza ni garantiza que el acceso a este Sitio Web no vaya a ser ininterrumpido o que est\u00e9 libre de error.\n\nTampoco se responsabiliza o garantiza que el contenido o software al que pueda accederse a trav\u00e9s de este Sitio Web, est\u00e9 libre de error o cause un da\u00f1o en el sistema inform\u00e1tico (software y hardware) del Usuario. En ning\u00fan caso Gojet Mallorca ser\u00e1 responsable por las p\u00e9rdidas, da\u00f1os o perjuicios de cualquier tipo que surjan por el acceso, navegaci\u00f3n y el uso del Sitio Web, incluy\u00e9ndose pero no limit\u00e1ndose, a los ocasionados a los sistemas inform\u00e1ticos o los provocados por la introducci\u00f3n de virus.\n\nGojet Mallorca tampoco se hace responsable de los da\u00f1os que pudiesen ocasionarse a los usuarios por un uso inadecuado de este Sitio Web. En particular, no se hace responsable en modo alguno de las ca\u00eddas, interrupciones, falta o defecto de las telecomunicaciones que pudieran ocurrir.\n\n<h1>IV. POL\u00cdTICA DE ENLACES<\/h1>\n\nSe informa que el Sitio Web Gojet Mallorca pone o puede poner a disposici\u00f3n de los Usuarios medios de enlace (como, entre otros, links, banners, botones), directorios y motores de b\u00fasqueda que permiten a los Usuarios acceder a sitios web pertenecientes a y\/o gestionados por terceros.\n\nLa instalaci\u00f3n de estos enlaces, directorios y motores de b\u00fasqueda en el Sitio Web tiene por objeto facilitar a los Usuarios la b\u00fasqueda y acceso a la informaci\u00f3n disponible en Internet, sin que pueda considerarse una sugerencia, recomendaci\u00f3n o invitaci\u00f3n para la visita de los mismos.\n\nGojet Mallorca no ofrece ni comercializa por s\u00ed ni por medio de terceros los productos y\/o servicios disponibles en dichos sitios enlazados.\n\nAsimismo, tampoco garantizar\u00e1 la disponibilidad t\u00e9cnica, exactitud, veracidad, validez o legalidad de sitios ajenos a su propiedad a los que se pueda acceder por medio de los enlaces.\n\nGojet Mallorca en ning\u00fan caso revisar\u00e1 o controlar\u00e1 el contenido de otros sitios web, as\u00ed como tampoco aprueba, examina ni hace propios los productos y servicios, contenidos, archivos y cualquier otro material existente en los referidos sitios enlazados.\n\nGojet Mallorca no asume ninguna responsabilidad por los da\u00f1os y perjuicios que pudieran derivarse del acceso, uso, calidad o licitud de los contenidos, comunicaciones, opiniones, productos y servicios de los sitios web no gestionados por Gojet Mallorca y que sean enlazados desde este Sitio Web.\n\nEl Usuario o tercero que establezca un hiperenlace desde una p\u00e1gina web de otro sitio web ajeno al Sitio Web de Gojet Mallorca debe ser consciente de que:\n\n&#8211; No se permite la reproducci\u00f3n -total o parcial- de ninguno de los Contenidos y\/o Servicios del Sitio Web sin autorizaci\u00f3n expresa de Gojet Mallorca.\n&#8211; No se permite ninguna declaraci\u00f3n falsa, inexacta o incorrecta sobre el sitio Web de Gojet Mallorca, ni sobre su Contenido y\/o Servicios.\n&#8211; A excepci\u00f3n del hiperv\u00ednculo, la p\u00e1gina web en la que se establezca dicho hiperenlace no contendr\u00e1 ning\u00fan elemento, de este Sitio Web, protegido como propiedad intelectual por el ordenamiento jur\u00eddico espa\u00f1ol, salvo autorizaci\u00f3n expresa de Gojet Mallorca.\n&#8211; El establecimiento del hiperv\u00ednculo no implicar\u00e1 la existencia de relaciones entre Gojet Mallorca y el titular del sitio web desde el cual se realice, ni el conocimiento y aceptaci\u00f3n de Gojet Mallorca de los contenidos, servicios y\/o actividades ofrecidos en dicho sitio web, y viceversa.\n\n<h1>V. PROPIEDAD INTELECTUAL E INDUSTRIAL<\/h1>\n\nGojet Mallorca por s\u00ed o como cesionaria, es titular de todos los derechos de propiedad intelectual e industrial del Sitio Web, as\u00ed como de los elementos contenidos en el mismo (a t\u00edtulo enunciativo y no exhaustivo, im\u00e1genes, sonido, audio, v\u00eddeo, software o textos; marcas o logotipos, combinaciones de colores, estructura y dise\u00f1o, selecci\u00f3n de materiales usados, programas de ordenador necesarios para su funcionamiento, acceso y uso, etc.). Por tanto, ser\u00e1n obras protegidas como propiedad intelectual por el ordenamiento jur\u00eddico espa\u00f1ol, siendo de aplicaci\u00f3n tanto la normativa espa\u00f1ola y comunitaria en la materia, como los tratados internacionales relacionados con la materia y suscritos por Espa\u00f1a.\n\nTodos los derechos reservados. En virtud de lo dispuesto en la Ley de Propiedad Intelectual, quedan expresamente prohibidas la reproducci\u00f3n, la distribuci\u00f3n y la comunicaci\u00f3n p\u00fablica, incluida su modalidad de puesta a disposici\u00f3n, de la totalidad o parte de los contenidos de esta p\u00e1gina web, con fines comerciales, en cualquier soporte y por cualquier medio t\u00e9cnico, sin la autorizaci\u00f3n de Gojet Mallorca.\n\nEl Usuario se compromete a respetar los derechos de Propiedad Intelectual e Industrial titularidad de Gojet Mallorca. Podr\u00e1 visualizar los elementos del Sitio Web o incluso imprimirlos, copiarlos y almacenarlos en el disco duro de su ordenador o en cualquier otro soporte f\u00edsico siempre y cuando sea, \u00fanica y exclusivamente, para su uso personal. No obstante, el Usuario no podr\u00e1 suprimir, alterar, eludir o manipular cualquier dispositivo de protecci\u00f3n o sistema de seguridad que estuviera instalado en el Sitio Web.\n\nEn el caso de que el Usuario o un tercero consideren que cualquiera de los Contenidos del Sitio Web constituye una violaci\u00f3n de los derechos de protecci\u00f3n de la propiedad intelectual, deber\u00e1 notificarlo inmediatamente a Gojet Mallorca a trav\u00e9s de los datos de contacto que figuran en el apartado de INFORMACI\u00d3N GENERAL del presente Aviso Legal y Condiciones Generales de Uso.\n\n<h1>VI. ACCIONES LEGALES, LEY APLICABLE Y JURISDICCI\u00d3N<\/h1>\n\nGojet Mallorca se reserva la facultad de presentar las acciones civiles o penales que considere necesarias por la utilizaci\u00f3n indebida del Sitio Web y Contenidos, o por el incumplimiento de las presentes Condiciones.\n\nLa relaci\u00f3n entre el Usuario y Gojet Mallorca se regir\u00e1 por la normativa vigente y de aplicaci\u00f3n en el territorio espa\u00f1ol. De surgir cualquier controversia en relaci\u00f3n con la interpretaci\u00f3n y\/o aplicaci\u00f3n de las presentes Condiciones, las partes someter\u00e1n sus conflictos\n\n a la jurisdicci\u00f3n ordinaria someti\u00e9ndose a los jueces y tribunales que correspondan conforme a derecho.\n\nEste documento de Aviso Legal y Condiciones Generales de uso del sitio web ha sido creado utilizando el generador de plantillas online de aviso legal y condiciones de uso el 13 de junio de 2022.\t\t\t\t\t\t\t\t<\/div>\n\t\t\t\t<\/div>\n\t\t\t\t\t<\/div>\n\t\t<\/div>\n\t\t\t\t\t<\/div>\n\t\t<\/section>\n\t\t\t\t<\/div>\n\t\t","protected":false},"excerpt":{"rendered":"<p>En cumplimiento con el deber de informaci\u00f3n recogido en la Ley 34\/2002, de 11 de julio, de Servicios de la Sociedad de la Informaci\u00f3n y del Comercio Electr\u00f3nico (LSSI-CE), a continuaci\u00f3n se indican los datos de informaci\u00f3n general de este sitio web: La propiedad de este sitio web, gojetmallorca.com (en adelante, el Sitio Web) pertenece [&hellip;]<\/p>\n","protected":false},"author":1,"featured_media":0,"parent":0,"menu_order":0,"comment_status":"closed","ping_status":"closed","template":"","meta":{"footnotes":""},"class_list":["post-9111","page","type-page","status-publish","hentry"],"yoast_head":"<!-- This site is optimized with the Yoast SEO plugin v25.8 - https:\/\/yoast.com\/wordpress\/plugins\/seo\/ -->\n<title>Aviso legal - GoJet Mallorca<\/title>\n<meta name=\"robots\" content=\"noindex, nofollow\" \/>\n<meta property=\"og:locale\" content=\"es_ES\" \/>\n<meta property=\"og:type\" content=\"article\" \/>\n<meta property=\"og:title\" content=\"Aviso legal - GoJet Mallorca\" \/>\n<meta property=\"og:description\" content=\"En cumplimiento con el deber de informaci\u00f3n recogido en la Ley 34\/2002, de 11 de julio, de Servicios de la Sociedad de la Informaci\u00f3n y del Comercio Electr\u00f3nico (LSSI-CE), a continuaci\u00f3n se indican los datos de informaci\u00f3n general de este sitio web: La propiedad de este sitio web, gojetmallorca.com (en adelante, el Sitio Web) pertenece [&hellip;]\" \/>\n<meta property=\"og:url\" content=\"https:\/\/gojetmallorca.com\/es\/aviso-legal\/\" \/>\n<meta property=\"og:site_name\" content=\"GoJet Mallorca\" \/>\n<meta property=\"article:publisher\" content=\"https:\/\/www.facebook.com\/gojetskitours\" \/>\n<meta property=\"article:modified_time\" content=\"2024-05-31T08:23:14+00:00\" \/>\n<meta property=\"og:image\" content=\"https:\/\/gojetmallorca.com\/wp-content\/uploads\/2022\/05\/ANDRATX-1.jpg\" \/>\n\t<meta property=\"og:image:width\" content=\"1000\" \/>\n\t<meta property=\"og:image:height\" content=\"1250\" \/>\n\t<meta property=\"og:image:type\" content=\"image\/jpeg\" \/>\n<meta name=\"twitter:card\" content=\"summary_large_image\" \/>\n<script type=\"application\/ld+json\" class=\"yoast-schema-graph\">{\"@context\":\"https:\/\/schema.org\",\"@graph\":[{\"@type\":\"WebPage\",\"@id\":\"https:\/\/gojetmallorca.com\/es\/aviso-legal\/\",\"url\":\"https:\/\/gojetmallorca.com\/es\/aviso-legal\/\",\"name\":\"Aviso legal - GoJet Mallorca\",\"isPartOf\":{\"@id\":\"https:\/\/gojetmallorca.com\/#website\"},\"datePublished\":\"2021-06-03T07:40:48+00:00\",\"dateModified\":\"2024-05-31T08:23:14+00:00\",\"breadcrumb\":{\"@id\":\"https:\/\/gojetmallorca.com\/es\/aviso-legal\/#breadcrumb\"},\"inLanguage\":\"es\",\"potentialAction\":[{\"@type\":\"ReadAction\",\"target\":[\"https:\/\/gojetmallorca.com\/es\/aviso-legal\/\"]}]},{\"@type\":\"BreadcrumbList\",\"@id\":\"https:\/\/gojetmallorca.com\/es\/aviso-legal\/#breadcrumb\",\"itemListElement\":[{\"@type\":\"ListItem\",\"position\":1,\"name\":\"Portada\",\"item\":\"https:\/\/gojetmallorca.com\/es\/visitas\/\"},{\"@type\":\"ListItem\",\"position\":2,\"name\":\"Aviso legal\"}]},{\"@type\":\"WebSite\",\"@id\":\"https:\/\/gojetmallorca.com\/#website\",\"url\":\"https:\/\/gojetmallorca.com\/\",\"name\":\"GoJet Mallorca\",\"description\":\"JetSki Tours in Mallorca\",\"publisher\":{\"@id\":\"https:\/\/gojetmallorca.com\/#organization\"},\"potentialAction\":[{\"@type\":\"SearchAction\",\"target\":{\"@type\":\"EntryPoint\",\"urlTemplate\":\"https:\/\/gojetmallorca.com\/?s={search_term_string}\"},\"query-input\":{\"@type\":\"PropertyValueSpecification\",\"valueRequired\":true,\"valueName\":\"search_term_string\"}}],\"inLanguage\":\"es\"},{\"@type\":\"Organization\",\"@id\":\"https:\/\/gojetmallorca.com\/#organization\",\"name\":\"GoJet Mallorca\",\"url\":\"https:\/\/gojetmallorca.com\/\",\"logo\":{\"@type\":\"ImageObject\",\"inLanguage\":\"es\",\"@id\":\"https:\/\/gojetmallorca.com\/#\/schema\/logo\/image\/\",\"url\":\"https:\/\/gojetmallorca.com\/wp-content\/uploads\/2021\/07\/gojet-mallorca-logo.jpg\",\"contentUrl\":\"https:\/\/gojetmallorca.com\/wp-content\/uploads\/2021\/07\/gojet-mallorca-logo.jpg\",\"width\":350,\"height\":212,\"caption\":\"GoJet Mallorca\"},\"image\":{\"@id\":\"https:\/\/gojetmallorca.com\/#\/schema\/logo\/image\/\"},\"sameAs\":[\"https:\/\/www.facebook.com\/gojetskitours\",\"https:\/\/www.instagram.com\/gojetmallorca\/\"]}]}<\/script>\n<!-- \/ Yoast SEO plugin. -->","yoast_head_json":{"title":"Aviso legal - GoJet Mallorca","robots":{"index":"noindex","follow":"nofollow"},"og_locale":"es_ES","og_type":"article","og_title":"Aviso legal - GoJet Mallorca","og_description":"En cumplimiento con el deber de informaci\u00f3n recogido en la Ley 34\/2002, de 11 de julio, de Servicios de la Sociedad de la Informaci\u00f3n y del Comercio Electr\u00f3nico (LSSI-CE), a continuaci\u00f3n se indican los datos de informaci\u00f3n general de este sitio web: La propiedad de este sitio web, gojetmallorca.com (en adelante, el Sitio Web) pertenece [&hellip;]","og_url":"https:\/\/gojetmallorca.com\/es\/aviso-legal\/","og_site_name":"GoJet Mallorca","article_publisher":"https:\/\/www.facebook.com\/gojetskitours","article_modified_time":"2024-05-31T08:23:14+00:00","og_image":[{"width":1000,"height":1250,"url":"https:\/\/gojetmallorca.com\/wp-content\/uploads\/2022\/05\/ANDRATX-1.jpg","type":"image\/jpeg"}],"twitter_card":"summary_large_image","schema":{"@context":"https:\/\/schema.org","@graph":[{"@type":"WebPage","@id":"https:\/\/gojetmallorca.com\/es\/aviso-legal\/","url":"https:\/\/gojetmallorca.com\/es\/aviso-legal\/","name":"Aviso legal - GoJet Mallorca","isPartOf":{"@id":"https:\/\/gojetmallorca.com\/#website"},"datePublished":"2021-06-03T07:40:48+00:00","dateModified":"2024-05-31T08:23:14+00:00","breadcrumb":{"@id":"https:\/\/gojetmallorca.com\/es\/aviso-legal\/#breadcrumb"},"inLanguage":"es","potentialAction":[{"@type":"ReadAction","target":["https:\/\/gojetmallorca.com\/es\/aviso-legal\/"]}]},{"@type":"BreadcrumbList","@id":"https:\/\/gojetmallorca.com\/es\/aviso-legal\/#breadcrumb","itemListElement":[{"@type":"ListItem","position":1,"name":"Portada","item":"https:\/\/gojetmallorca.com\/es\/visitas\/"},{"@type":"ListItem","position":2,"name":"Aviso legal"}]},{"@type":"WebSite","@id":"https:\/\/gojetmallorca.com\/#website","url":"https:\/\/gojetmallorca.com\/","name":"GoJet Mallorca","description":"JetSki Tours in Mallorca","publisher":{"@id":"https:\/\/gojetmallorca.com\/#organization"},"potentialAction":[{"@type":"SearchAction","target":{"@type":"EntryPoint","urlTemplate":"https:\/\/gojetmallorca.com\/?s={search_term_string}"},"query-input":{"@type":"PropertyValueSpecification","valueRequired":true,"valueName":"search_term_string"}}],"inLanguage":"es"},{"@type":"Organization","@id":"https:\/\/gojetmallorca.com\/#organization","name":"GoJet Mallorca","url":"https:\/\/gojetmallorca.com\/","logo":{"@type":"ImageObject","inLanguage":"es","@id":"https:\/\/gojetmallorca.com\/#\/schema\/logo\/image\/","url":"https:\/\/gojetmallorca.com\/wp-content\/uploads\/2021\/07\/gojet-mallorca-logo.jpg","contentUrl":"https:\/\/gojetmallorca.com\/wp-content\/uploads\/2021\/07\/gojet-mallorca-logo.jpg","width":350,"height":212,"caption":"GoJet Mallorca"},"image":{"@id":"https:\/\/gojetmallorca.com\/#\/schema\/logo\/image\/"},"sameAs":["https:\/\/www.facebook.com\/gojetskitours","https:\/\/www.instagram.com\/gojetmallorca\/"]}]}},"_links":{"self":[{"href":"https:\/\/gojetmallorca.com\/es\/wp-json\/wp\/v2\/pages\/9111","targetHints":{"allow":["GET"]}}],"collection":[{"href":"https:\/\/gojetmallorca.com\/es\/wp-json\/wp\/v2\/pages"}],"about":[{"href":"https:\/\/gojetmallorca.com\/es\/wp-json\/wp\/v2\/types\/page"}],"author":[{"embeddable":true,"href":"https:\/\/gojetmallorca.com\/es\/wp-json\/wp\/v2\/users\/1"}],"replies":[{"embeddable":true,"href":"https:\/\/gojetmallorca.com\/es\/wp-json\/wp\/v2\/comments?post=9111"}],"version-history":[{"count":0,"href":"https:\/\/gojetmallorca.com\/es\/wp-json\/wp\/v2\/pages\/9111\/revisions"}],"wp:attachment":[{"href":"https:\/\/gojetmallorca.com\/es\/wp-json\/wp\/v2\/media?parent=9111"}],"curies":[{"name":"wp","href":"https:\/\/api.w.org\/{rel}","templated":true}]}}